{"id":802,"date":"2018-03-19T09:45:01","date_gmt":"2018-03-19T08:45:01","guid":{"rendered":"http:\/\/www.albergogenzianella.it\/contatti\/"},"modified":"2021-03-02T09:04:01","modified_gmt":"2021-03-02T08:04:01","slug":"kontakte","status":"publish","type":"page","link":"https:\/\/albergogenzianella.it\/de\/kontakte\/","title":{"rendered":"Kontakte"},"content":{"rendered":"<div class=\"wpb-content-wrapper\"><p>[vc_row css_animation=&#8220;&#8220; row_type=&#8220;row&#8220; use_row_as_full_screen_section=&#8220;no&#8220; type=&#8220;full_width&#8220; angled_section=&#8220;no&#8220; text_align=&#8220;left&#8220; background_image_as_pattern=&#8220;without_pattern&#8220;][vc_column][vc_gmaps link=&#8220;#E-8_JTNDaWZyYW1lJTIwc3JjJTNEJTIyaHR0cHMlM0ElMkYlMkZ3d3cuZ29vZ2xlLmNvbSUyRm1hcHMlMkZlbWJlZCUzRnBiJTNEJTIxMW0xOCUyMTFtMTIlMjExbTMlMjExZDc4MzI3Ljg3MzY4Mjk5NDY3JTIxMmQxMS44NjA3Nzk0NTc5ODgxNzglMjEzZDQ2LjQ3ODM3NzU3Nzk4NDE2JTIxMm0zJTIxMWYwJTIxMmYwJTIxM2YwJTIxM20yJTIxMWkxMDI0JTIxMmk3NjglMjE0ZjEzLjElMjEzbTMlMjExbTIlMjExczB4NDc3ODQ1ZGQ5ZDllZTg3ZCUyNTNBMHg4NGEyYmRhZjUxZWU0MTAxJTIxMnNBbGJlcmdvJTJCR2VuemlhbmVsbGElMjE1ZTAlMjEzbTIlMjExc2l0JTIxMnNpdCUyMTR2MTUxNzI1NjA3OTU5MiUyMiUyMHdpZHRoJTNEJTIyMTkyMCUyMiUyMGhlaWdodCUzRCUyMjQzMCUyMiUyMGZyYW1lYm9yZGVyJTNEJTIyMCUyMiUyMHN0eWxlJTNEJTIyYm9yZGVyJTNBMCUyMiUyMGFsbG93ZnVsbHNjcmVlbiUzRSUzQyUyRmlmcmFtZSUzRQ==&#8220; size=&#8220;400&#8243;][\/vc_column][\/vc_row][vc_row css_animation=&#8220;&#8220; row_type=&#8220;row&#8220; use_row_as_full_screen_section=&#8220;no&#8220; type=&#8220;full_width&#8220; angled_section=&#8220;no&#8220; text_align=&#8220;left&#8220; background_image_as_pattern=&#8220;without_pattern&#8220;][vc_column][vc_empty_space height=&#8220;50&#8243;][\/vc_column][\/vc_row][vc_row css_animation=&#8220;&#8220; row_type=&#8220;row&#8220; use_row_as_full_screen_section=&#8220;no&#8220; type=&#8220;grid&#8220; angled_section=&#8220;no&#8220; text_align=&#8220;left&#8220; background_image_as_pattern=&#8220;without_pattern&#8220; z_index=&#8220;&#8220;][vc_column width=&#8220;1\/2&#8243;][vc_column_text]<strong>Sommer\u00f6ffnung<\/strong>:<br \/>\nVom 30. Mai bis 28. Oktober\u00a0<span style=\"font-size: 13px;\">(<em>mit der M\u00f6glichkeit der Variation<\/em>)<\/span><\/p>\n<p>&nbsp;<\/p>\n<p><strong>Winter Er\u00f6ffnung:<\/strong>:<br \/>\nVom 15. Dezember bis zum 15. April\u00a0<span style=\"font-size: 13px;\">(<em>mit der M\u00f6glichkeit der Variation<\/em>)<\/span><\/p>\n<p>&nbsp;<\/p>\n<p><strong>Telefon<\/strong>:<br \/>\nBuchungen: +39 0437 722015<br \/>\nFax: +39 0437 722055<\/p>\n<p>&nbsp;<\/p>\n<p><strong>Adresse<\/strong>:<br \/>\n<strong>Albergo Genzianella D.B.D. DI Bartolini Corrado &amp; C. s.n.c.<\/strong><br \/>\nVia Pian, 3 \u2013 Localit\u00e0 Sottoguda<br \/>\n32023 \u2013 Rocca Pietore<br \/>\nBelluno \u2013 Italy<br \/>\nC.F. P.IVA IT00846200251[\/vc_column_text][\/vc_column][vc_column width=&#8220;1\/2&#8243;][vc_custom_heading text=&#8220;Verf\u00fcgbarkeitsanfrage&#8220; font_container=&#8220;tag:h3|font_size:35|text_align:left&#8220; use_theme_fonts=&#8220;yes&#8220; css=&#8220;.vc_custom_1520936767685{padding-left: 30px !important;}&#8220;][vc_empty_space][vc_row_inner row_type=&#8220;row&#8220; type=&#8220;full_width&#8220; text_align=&#8220;left&#8220; css_animation=&#8220;&#8220; css=&#8220;.vc_custom_1517256605296{border-top-width: 1px !important;border-right-width: 1px !important;border-bottom-width: 1px !important;border-left-width: 1px !important;padding-top: 25px !important;padding-bottom: 20px !important;border-left-style: dashed !important;border-right-style: dashed !important;border-top-style: dashed !important;border-bottom-style: dashed !important;}&#8220;][vc_column_inner]\n<div class=\"wpcf7 no-js\" id=\"wpcf7-f887-o1\" lang=\"it-IT\" dir=\"ltr\" data-wpcf7-id=\"887\">\n<div class=\"screen-reader-response\"><p role=\"status\" aria-live=\"polite\" aria-atomic=\"true\"><\/p> <ul><\/ul><\/div>\n<form action=\"\/de\/wp-json\/wp\/v2\/pages\/802#wpcf7-f887-o1\" method=\"post\" class=\"wpcf7-form init cf7_custom_style_1\" aria-label=\"Modulo di contatto\" novalidate=\"novalidate\" data-status=\"init\">\n<div style=\"display: none;\">\n<input type=\"hidden\" name=\"_wpcf7\" value=\"887\" \/>\n<input type=\"hidden\" name=\"_wpcf7_version\" value=\"6.0.6\" \/>\n<input type=\"hidden\" name=\"_wpcf7_locale\" value=\"it_IT\" \/>\n<input type=\"hidden\" name=\"_wpcf7_unit_tag\" value=\"wpcf7-f887-o1\" \/>\n<input type=\"hidden\" name=\"_wpcf7_container_post\" value=\"0\" \/>\n<input type=\"hidden\" name=\"_wpcf7_posted_data_hash\" value=\"\" \/>\n<input type=\"hidden\" name=\"_wpcf7_recaptcha_response\" value=\"\" \/>\n<\/div>\n<div id=\"responsive-form\" class=\"clearfix\">\n\t<div class=\"form-row\">\n\t\t<div class=\"column-4\">\n\t\t\t<p>Name Nachname* <span class=\"wpcf7-form-control-wrap\" data-name=\"nome\"><input size=\"40\" maxlength=\"400\" class=\"wpcf7-form-control wpcf7-text wpcf7-validates-as-required\" aria-required=\"true\" aria-invalid=\"false\" value=\"\" type=\"text\" name=\"nome\" \/><\/span>\n\t\t\t<\/p>\n\t\t<\/div>\n\t\t<div class=\"column-3\">\n\t\t\t<p>Email* <span class=\"wpcf7-form-control-wrap\" data-name=\"email\"><input size=\"40\" maxlength=\"400\" class=\"wpcf7-form-control wpcf7-email wpcf7-validates-as-required wpcf7-text wpcf7-validates-as-email\" aria-required=\"true\" aria-invalid=\"false\" value=\"\" type=\"email\" name=\"email\" \/><\/span>\n\t\t\t<\/p>\n\t\t<\/div>\n\t\t<div class=\"column-3\">\n\t\t\t<p>Telefon* <span class=\"wpcf7-form-control-wrap\" data-name=\"Telefono\"><input size=\"40\" maxlength=\"400\" class=\"wpcf7-form-control wpcf7-tel wpcf7-validates-as-required wpcf7-text wpcf7-validates-as-tel\" aria-required=\"true\" aria-invalid=\"false\" value=\"\" type=\"tel\" name=\"Telefono\" \/><\/span>\n\t\t\t<\/p>\n\t\t<\/div>\n\t<\/div>\n\t<div class=\"form-row\">\n\t\t<div class=\"column-3\">\n\t\t\t<p>Ankunft* <span class=\"wpcf7-form-control-wrap\" data-name=\"arrivo\"><input class=\"wpcf7-form-control wpcf7-date wpcf7-validates-as-required wpcf7-validates-as-date\" min=\"2026-04-17\" aria-required=\"true\" aria-invalid=\"false\" value=\"\" type=\"date\" name=\"arrivo\" \/><\/span>\n\t\t\t<\/p>\n\t\t<\/div>\n\t\t<div class=\"column-3\">\n\t\t\t<p>Abreise* <span class=\"wpcf7-form-control-wrap\" data-name=\"partenza\"><input class=\"wpcf7-form-control wpcf7-date wpcf7-validates-as-required wpcf7-validates-as-date\" min=\"2026-04-18\" aria-required=\"true\" aria-invalid=\"false\" value=\"\" type=\"date\" name=\"partenza\" \/><\/span>\n\t\t\t<\/p>\n\t\t<\/div>\n\t<\/div>\n\t<div class=\"form-row\">\n\t\t<div class=\"column-7\">\n\t\t\t<p>Kategorie Zimmer <span class=\"wpcf7-form-control-wrap\" data-name=\"Tipologia\"><select class=\"wpcf7-form-control wpcf7-select\" aria-invalid=\"false\" name=\"Tipologia\"><option value=\"Choose the room (optional)\">Choose the room (optional)<\/option><option value=\"Standard Double Room (2 persons)\">Standard Double Room (2 persons)<\/option><option value=\"Standard Triple Room (3 persons)\">Standard Triple Room (3 persons)<\/option><option value=\"Standard Family Room (4 persons)\">Standard Family Room (4 persons)<\/option><\/select><\/span>\n\t\t\t<\/p>\n\t\t<\/div>\n\t\t<div class=\"column-3\">\n\t\t\t<p>Gew\u00fcnschte Zimmerart<span class=\"wpcf7-form-control-wrap\" data-name=\"Trattamento\"><select class=\"wpcf7-form-control wpcf7-select\" aria-invalid=\"false\" name=\"Trattamento\"><option value=\"Half Board\">Half Board<\/option><option value=\"B&amp;B\">B&amp;B<\/option><\/select><\/span>\n\t\t\t<\/p>\n\t\t<\/div>\n\t<\/div>\n\t<div class=\"form-row\">\n\t\t<div class=\"column-1\">\n\t\t\t<p>Meldung<span class=\"wpcf7-form-control-wrap\" data-name=\"your-message\"><textarea cols=\"40\" rows=\"10\" maxlength=\"2000\" class=\"wpcf7-form-control wpcf7-textarea\" aria-invalid=\"false\" name=\"your-message\"><\/textarea><\/span>\n\t\t\t<\/p>\n\t\t<\/div>\n\t<\/div>\n\t<div class=\"column-1\">\n\t\t<p><span class=\"wpcf7-form-control-wrap\" data-name=\"Accettazione\"><span class=\"wpcf7-form-control wpcf7-acceptance\"><span class=\"wpcf7-list-item\"><input type=\"checkbox\" name=\"Accettazione\" value=\"1\" aria-invalid=\"false\" \/><\/span><\/span><\/span> Mit dem Absenden des Formulars erteilen Sie Ihr Einverst\u00e4ndnis f\u00fcr die Datenverarbeitung laut <a href=\"http:\/\/www.albergogenzianella.it\/en\/cookie-policy\/\">Datenschutzgesetz.<\/a>\n\t\t<\/p>\n\t<\/div>\n\t<div class=\"column-invia\">\n\t\t<p><input class=\"wpcf7-form-control wpcf7-submit has-spinner\" type=\"submit\" value=\"Abschicken\" \/>\n\t\t<\/p>\n\t<\/div>\n<\/div>\n<!--end responsive-form--><div class=\"wpcf7-response-output\" aria-hidden=\"true\"><\/div>\n<\/form>\n<\/div>\n[\/vc_column_inner][\/vc_row_inner][\/vc_column][\/vc_row][vc_row css_animation=&#8220;&#8220; row_type=&#8220;row&#8220; use_row_as_full_screen_section=&#8220;no&#8220; type=&#8220;full_width&#8220; angled_section=&#8220;no&#8220; text_align=&#8220;left&#8220; background_image_as_pattern=&#8220;without_pattern&#8220;][vc_column][vc_empty_space height=&#8220;50&#8243;][\/vc_column][\/vc_row][vc_row css_animation=&#8220;&#8220; row_type=&#8220;row&#8220; use_row_as_full_screen_section=&#8220;no&#8220; type=&#8220;grid&#8220; angled_section=&#8220;no&#8220; text_align=&#8220;left&#8220; background_image_as_pattern=&#8220;without_pattern&#8220; z_index=&#8220;&#8220; el_id=&#8220;condizioni&#8220;][vc_column][vc_custom_heading text=&#8220;Condizioni&#8220; font_container=&#8220;tag:h2|text_align:center&#8220; use_theme_fonts=&#8220;yes&#8220;][\/vc_column][\/vc_row][vc_row css_animation=&#8220;&#8220; row_type=&#8220;row&#8220; use_row_as_full_screen_section=&#8220;no&#8220; type=&#8220;grid&#8220; angled_section=&#8220;no&#8220; text_align=&#8220;left&#8220; background_image_as_pattern=&#8220;without_pattern&#8220; z_index=&#8220;&#8220;][vc_column]<div class=\"qode-advanced-tabs qode-advanced-tabs qode-advanced-horizontal-tab clearfix qode-advanced-tab-without-icon qode-advanced-tabs-column-4 clearfix\">\n\t<ul class=\"qode-advanced-tabs-nav\">\n\t\t\t\t\t<li>\n\t\t\t\t<h6>\n\t\t\t\t\t<a href=\"#tab-anzahlung\">\n\t\t\t\t\t\t\n\t\t\t\t\t\t\t\t\t\t\t\t\t<span class=\"qode-advanced-tab-text-after-icon\">\n\t\t\t\t\t\t\t\tANZAHLUNG\t\t\t\t\t\t\t<\/span>\n\t\t\t\t\t\t\t\t\t\t\t<\/a>\n\t\t\t\t<\/h6>\n\t\t\t<\/li>\n\t\t\t\t\t<li>\n\t\t\t\t<h6>\n\t\t\t\t\t<a href=\"#tab-annullierungsbedingungen\">\n\t\t\t\t\t\t\n\t\t\t\t\t\t\t\t\t\t\t\t\t<span class=\"qode-advanced-tab-text-after-icon\">\n\t\t\t\t\t\t\t\tANNULLIERUNGSBEDINGUNGEN\t\t\t\t\t\t\t<\/span>\n\t\t\t\t\t\t\t\t\t\t\t<\/a>\n\t\t\t\t<\/h6>\n\t\t\t<\/li>\n\t\t\t\t\t<li>\n\t\t\t\t<h6>\n\t\t\t\t\t<a href=\"#tab-check-in-check-out\">\n\t\t\t\t\t\t\n\t\t\t\t\t\t\t\t\t\t\t\t\t<span class=\"qode-advanced-tab-text-after-icon\">\n\t\t\t\t\t\t\t\tCHECK-IN \/ CHECK-OUT\t\t\t\t\t\t\t<\/span>\n\t\t\t\t\t\t\t\t\t\t\t<\/a>\n\t\t\t\t<\/h6>\n\t\t\t<\/li>\n\t\t\t\t\t<li>\n\t\t\t\t<h6>\n\t\t\t\t\t<a href=\"#tab-kleine-tiere\">\n\t\t\t\t\t\t\n\t\t\t\t\t\t\t\t\t\t\t\t\t<span class=\"qode-advanced-tab-text-after-icon\">\n\t\t\t\t\t\t\t\tKLEINE TIERE\t\t\t\t\t\t\t<\/span>\n\t\t\t\t\t\t\t\t\t\t\t<\/a>\n\t\t\t\t<\/h6>\n\t\t\t<\/li>\n\t\t\t<\/ul>\n\t<div class=\"qode-advanced-tab-container\" id=\"tab-anzahlung-469\" data-icon-pack=\"\" data-icon-html=\"\">[vc_column_text]Das Hotel beh\u00e4lt sich das Recht vor, die Anzahlung als Anzahlung f\u00fcr einen sp\u00e4teren Aufenthalt (je nach Verf\u00fcgbarkeit) f\u00fcr einen Zeitraum von 12 Monaten aufzubewahren. Anschlie\u00dfend wird die Anzahlung vollst\u00e4ndig einbehalten und nicht zur\u00fcckerstattet.<br \/>\nDie Kosten f\u00fcr den n\u00e4chsten Aufenthalt werden auf der Grundlage des g\u00fcltigen Preises berechnet.[\/vc_column_text]<\/div><div class=\"qode-advanced-tab-container\" id=\"tab-annullierungsbedingungen-219\" data-icon-pack=\"\" data-icon-html=\"\">[vc_column_text]Die Stornierung kann kostenlos erfolgen <strong>7 Tage vor<\/strong> Ankunft.<br \/>\nAb 6. Tag beh\u00e4lt sich das Hotel das Recht vor, die als ACCONTO bezahlte Anzahlung bei einem sp\u00e4teren Aufenthalt (je nach Verf\u00fcgbarkeit) <strong> f\u00fcr einen Zeitraum von 6 Monaten beizubehalten. Anschlie\u00dfend wird die Kaution in voller H\u00f6he einbehalten und nicht strong.<br \/>\n<strong>Die Kosten f\u00fcr den n\u00e4chsten Aufenthalt werden nach dem aktuellen Tarif berechnet<\/strong>.<\/strong>[\/vc_column_text]<\/div><div class=\"qode-advanced-tab-container\" id=\"tab-check-in-check-out-364\" data-icon-pack=\"\" data-icon-html=\"\">[vc_column_text]Das Zimmer ist am Tag der <strong> Ankunft ab 15:00<\/strong> Uhr verf\u00fcgbar. Der Tag der <strong> Abreise <\/strong> <strong> bis 10:00 <\/strong>.[\/vc_column_text]<\/div><div class=\"qode-advanced-tab-container\" id=\"tab-kleine-tiere-612\" data-icon-pack=\"\" data-icon-html=\"\">[vc_column_text]Wir akzeptieren kleine, mittlere und gro\u00dfe Haustiere, sofern dies zum Zeitpunkt der Buchungsanfrage gemeldet wird. <strong>Haustiere sind in den \u00f6ffentlichen Bereichen des Hotels gestattet, sofern sie von ihrem Besitzer begleitet werden<\/strong>.[\/vc_column_text]<\/div><\/div>[vc_separator type=&#8220;normal&#8220;][\/vc_column][\/vc_row][vc_row css_animation=&#8220;&#8220; row_type=&#8220;row&#8220; use_row_as_full_screen_section=&#8220;no&#8220; type=&#8220;full_width&#8220; angled_section=&#8220;no&#8220; text_align=&#8220;left&#8220; background_image_as_pattern=&#8220;without_pattern&#8220;][vc_column][vc_empty_space height=&#8220;50&#8243;][\/vc_column][\/vc_row]<\/p>\n<\/div>","protected":false},"excerpt":{"rendered":"<p>[vc_row css_animation=&#8220;&#8220; row_type=&#8220;row&#8220; use_row_as_full_screen_section=&#8220;no&#8220; type=&#8220;full_width&#8220; angled_section=&#8220;no&#8220; text_align=&#8220;left&#8220; background_image_as_pattern=&#8220;without_pattern&#8220;][vc_column][vc_gmaps link=&#8220;#E-8_JTNDaWZyYW1lJTIwc3JjJTNEJTIyaHR0cHMlM0ElMkYlMkZ3d3cuZ29vZ2xlLmNvbSUyRm1hcHMlMkZlbWJlZCUzRnBiJTNEJTIxMW0xOCUyMTFtMTIlMjExbTMlMjExZDc4MzI3Ljg3MzY4Mjk5NDY3JTIxMmQxMS44NjA3Nzk0NTc5ODgxNzglMjEzZDQ2LjQ3ODM3NzU3Nzk4NDE2JTIxMm0zJTIxMWYwJTIxMmYwJTIxM2YwJTIxM20yJTIxMWkxMDI0JTIxMmk3NjglMjE0ZjEzLjElMjEzbTMlMjExbTIlMjExczB4NDc3ODQ1ZGQ5ZDllZTg3ZCUyNTNBMHg4NGEyYmRhZjUxZWU0MTAxJTIxMnNBbGJlcmdvJTJCR2VuemlhbmVsbGElMjE1ZTAlMjEzbTIlMjExc2l0JTIxMnNpdCUyMTR2MTUxNzI1NjA3OTU5MiUyMiUyMHdpZHRoJTNEJTIyMTkyMCUyMiUyMGhlaWdodCUzRCUyMjQzMCUyMiUyMGZyYW1lYm9yZGVyJTNEJTIyMCUyMiUyMHN0eWxlJTNEJTIyYm9yZGVyJTNBMCUyMiUyMGFsbG93ZnVsbHNjcmVlbiUzRSUzQyUyRmlmcmFtZSUzRQ==&#8220; size=&#8220;400&#8243;][\/vc_column][\/vc_row][vc_row css_animation=&#8220;&#8220; row_type=&#8220;row&#8220; use_row_as_full_screen_section=&#8220;no&#8220; type=&#8220;full_width&#8220; angled_section=&#8220;no&#8220;&#8230;<\/p>\n","protected":false},"author":1,"featured_media":0,"parent":0,"menu_order":13,"comment_status":"closed","ping_status":"closed","template":"full_width.php","meta":{"om_disable_all_campaigns":false,"_monsterinsights_skip_tracking":false,"_monsterinsights_sitenote_active":false,"_monsterinsights_sitenote_note":"","_monsterinsights_sitenote_category":0,"_uf_show_specific_survey":0,"_uf_disable_surveys":false,"footnotes":""},"class_list":["post-802","page","type-page","status-publish","hentry"],"aioseo_notices":[],"_links":{"self":[{"href":"https:\/\/albergogenzianella.it\/de\/wp-json\/wp\/v2\/pages\/802","targetHints":{"allow":["GET"]}}],"collection":[{"href":"https:\/\/albergogenzianella.it\/de\/wp-json\/wp\/v2\/pages"}],"about":[{"href":"https:\/\/albergogenzianella.it\/de\/wp-json\/wp\/v2\/types\/page"}],"author":[{"embeddable":true,"href":"https:\/\/albergogenzianella.it\/de\/wp-json\/wp\/v2\/users\/1"}],"replies":[{"embeddable":true,"href":"https:\/\/albergogenzianella.it\/de\/wp-json\/wp\/v2\/comments?post=802"}],"version-history":[{"count":20,"href":"https:\/\/albergogenzianella.it\/de\/wp-json\/wp\/v2\/pages\/802\/revisions"}],"predecessor-version":[{"id":2811,"href":"https:\/\/albergogenzianella.it\/de\/wp-json\/wp\/v2\/pages\/802\/revisions\/2811"}],"wp:attachment":[{"href":"https:\/\/albergogenzianella.it\/de\/wp-json\/wp\/v2\/media?parent=802"}],"curies":[{"name":"wp","href":"https:\/\/api.w.org\/{rel}","templated":true}]}}