{"id":773,"date":"2018-03-16T13:26:01","date_gmt":"2018-03-16T12:26:01","guid":{"rendered":"http:\/\/www.albergogenzianella.it\/in-inverno\/"},"modified":"2018-04-11T10:18:37","modified_gmt":"2018-04-11T08:18:37","slug":"im-winter","status":"publish","type":"page","link":"https:\/\/albergogenzianella.it\/de\/im-winter\/","title":{"rendered":"Im Winter"},"content":{"rendered":"<div class=\"wpb-content-wrapper\"><p>[vc_row css_animation=&#8220;&#8220; row_type=&#8220;row&#8220; use_row_as_full_screen_section=&#8220;no&#8220; type=&#8220;full_width&#8220; angled_section=&#8220;no&#8220; text_align=&#8220;left&#8220; background_image_as_pattern=&#8220;without_pattern&#8220; side_padding=&#8220;5&#8243; z_index=&#8220;&#8220;][vc_column][vc_row_inner row_type=&#8220;row&#8220; type=&#8220;full_width&#8220; text_align=&#8220;left&#8220; css_animation=&#8220;&#8220;][vc_column_inner width=&#8220;8\/12&#8243;][vc_custom_heading text=&#8220;Wintersaison&#8220; use_theme_fonts=&#8220;yes&#8220;][vc_empty_space height=&#8220;10&#8243;][vc_column_text]Skifahren auf dem <strong>Marmolada-Massiv<\/strong> ist ein unvergessliches Erlebnis. Vom Hotel Genzianella mit dem <strong>Sky Bus-Service<\/strong> erreichen Sie bequem die Lifte der Malga Ciapela und den Sessellift <strong>Padon, der Arabba verbindet<\/strong>.[\/vc_column_text][\/vc_column_inner][vc_column_inner width=&#8220;4\/12&#8243;][\/vc_column_inner][\/vc_row_inner][vc_row_inner row_type=&#8220;row&#8220; type=&#8220;full_width&#8220; text_align=&#8220;left&#8220; css_animation=&#8220;&#8220; el_id=&#8220;Sci&#8220;][vc_column_inner width=&#8220;1\/2&#8243; css=&#8220;.vc_custom_1519146213155{padding-right: 20px !important;padding-left: 20px !important;}&#8220;][vc_empty_space height=&#8220;120&#8243;][vc_single_image image=&#8220;620&#8243; img_size=&#8220;full&#8220; qode_css_animation=&#8220;&#8220;][\/vc_column_inner][vc_column_inner width=&#8220;1\/2&#8243; css=&#8220;.vc_custom_1519146228692{padding-right: 20px !important;padding-left: 20px !important;}&#8220;][vc_empty_space height=&#8220;120&#8243;][vc_column_text]<\/p>\n<h3>Skifahren und Snowboarden<\/h3>\n<p>[\/vc_column_text][vc_empty_space height=&#8220;8&#8243;][vc_column_text]<\/p>\n<h6>Skigebiet Marmolada &#8211; Malga Ciapela<\/h6>\n<p>[\/vc_column_text][vc_empty_space height=&#8220;15&#8243;][vc_column_text]Der Bezirk Marmolada ist einer der h\u00f6chstgelegenen Urlaubsorte Italiens und bietet verschiedene Skim\u00f6glichkeiten mit Anbindung an das Skigebiet Arabba.<br \/>\nF\u00fcr Ski- und Snowboard-Enthusiasten auf 3.342 m Seeh\u00f6he. garantiert von November bis April <strong>perfekt beschneite Pisten<\/strong> und wird zum Paradies f\u00fcr alle, die abseits der Pisten und im Skibergsteigen unterwegs sind. Von Malga Ciapela aus startet die Seilbahn mit 3 Stationen in Antermoja (2.350 m), Serauta (2.950 m) und bringt Sie nach Punta Rocca (3265 m), wo die spektakul\u00e4re Piste La Bellunese beginnt, die mit 12 km die l\u00e4ngste Piste der Dolomiten ist.[\/vc_column_text][\/vc_column_inner][\/vc_row_inner][vc_row_inner row_type=&#8220;row&#8220; type=&#8220;full_width&#8220; text_align=&#8220;left&#8220; css_animation=&#8220;&#8220; el_id=&#8220;Sellaronda&#8220;][vc_column_inner width=&#8220;1\/2&#8243; css=&#8220;.vc_custom_1519146228692{padding-right: 20px !important;padding-left: 20px !important;}&#8220;][vc_empty_space height=&#8220;120&#8243;][vc_column_text]<\/p>\n<h3 style=\"text-align: right;\">Sellaronda<\/h3>\n<p>[\/vc_column_text][vc_empty_space height=&#8220;8&#8243;][vc_column_text]<\/p>\n<h6 style=\"text-align: right;\">4 Schritte Tour<\/h6>\n<p>[\/vc_column_text][vc_empty_space height=&#8220;25&#8243;][vc_column_text]Die <strong>Sellaronda<\/strong>, auch bekannt als die <strong>Tour der 4 P\u00e4sse<\/strong>, ist die Route, die die 4 P\u00e4sse (Pordoi, Sella, Gardena, Campolongo) rund um die <strong>Sellagruppe<\/strong> \u00fcberquert. Es ist eine der bekanntesten Skitouren in den Dolomiten und dank der Organisation der Lifte k\u00f6nnen Sie in beide Richtungen fahren. Vom Hotel aus erreichen Sie in einer halben Stunde<strong> Arabba<\/strong> und beginnen den ersten Anstieg um 9.00 Uhr und enden am Ende des Tages.<\/p>\n<p>Il circuito \u00e8 praticabile\u00a0 in mountain bike anche d&#8217;estate, mentre l&#8217;itinerario stradale, che passa per le localit\u00e0 di Arabba, Valgardena, Corvara per una distanza di 55 km lo rendono molto frequentato dai ciclisti.[\/vc_column_text][\/vc_column_inner][vc_column_inner width=&#8220;1\/2&#8243; css=&#8220;.vc_custom_1519146213155{padding-right: 20px !important;padding-left: 20px !important;}&#8220;][vc_empty_space height=&#8220;120&#8243;][vc_single_image image=&#8220;622&#8243; img_size=&#8220;full&#8220; qode_css_animation=&#8220;&#8220;][\/vc_column_inner][\/vc_row_inner][vc_row_inner row_type=&#8220;row&#8220; type=&#8220;full_width&#8220; text_align=&#8220;left&#8220; css_animation=&#8220;&#8220; el_id=&#8220;Grande-Guerra&#8220;][vc_column_inner width=&#8220;1\/2&#8243; css=&#8220;.vc_custom_1519146213155{padding-right: 20px !important;padding-left: 20px !important;}&#8220;][vc_empty_space height=&#8220;120&#8243;][vc_single_image image=&#8220;625&#8243; img_size=&#8220;full&#8220; qode_css_animation=&#8220;&#8220;][\/vc_column_inner][vc_column_inner width=&#8220;1\/2&#8243; css=&#8220;.vc_custom_1519146228692{padding-right: 20px !important;padding-left: 20px !important;}&#8220;][vc_empty_space height=&#8220;120&#8243;][vc_column_text]<\/p>\n<h3 style=\"text-align: left;\">Tour des Ersten Weltkrieges<\/h3>\n<p>[\/vc_column_text][vc_empty_space height=&#8220;8&#8243;][vc_column_text]<\/p>\n<h6 style=\"text-align: left;\">\u00dcberquerung der sch\u00f6nsten Berge der Dolomiten<\/h6>\n<p>[\/vc_column_text][vc_empty_space height=&#8220;25&#8243;][vc_column_text]Unter den Attraktionen, die man unbedingt gesehen haben muss, ist die <strong>Tour des Ersten Weltkriegs<\/strong> definitiv. Der Berg der Dolomiten wie die Marmolada, die Civetta, der Pelmo, der Tofane, der Lagazuoi, der Cinque Torri, der Cime di Fanes und die Sella Gruppe, verfolgen die Schlachtfelder und das Leben der M\u00e4nner, die vor dieser Stra\u00dfe stehen Auf dem Weg des Symbols des Krieges an diesen Orten ist der Col di Lana.<\/p>\n<p>Die <strong>Tour dauert einen Tag<\/strong>, ab der Er\u00f6ffnung der Struktur. Die Pisten sind leicht zu nivellieren und k\u00f6nnen auch von weniger ge\u00fcbten Skifahrern benutzt werden. Alternative und schw\u00e4chere Routen sind m\u00f6glich, wie zum Beispiel La Bellunese auf der 12 km langen Marmolada, der l\u00e4ngsten Strecke der Dolomiten.[\/vc_column_text][\/vc_column_inner][\/vc_row_inner][vc_row_inner row_type=&#8220;row&#8220; type=&#8220;full_width&#8220; text_align=&#8220;left&#8220; css_animation=&#8220;&#8220; el_id=&#8220;Sci-Nordico&#8220;][vc_column_inner width=&#8220;1\/2&#8243; css=&#8220;.vc_custom_1519146161439{padding-right: 20px !important;padding-left: 20px !important;}&#8220;][vc_empty_space height=&#8220;120&#8243;][vc_column_text]<\/p>\n<h3 style=\"text-align: right;\">Skilanglauf<\/h3>\n<p>[\/vc_column_text][vc_empty_space height=&#8220;8&#8243;][vc_column_text]<\/p>\n<h6 style=\"text-align: right;\">Strecke Malga Ciapela &#8211; Marmolada<\/h6>\n<p>[\/vc_column_text][vc_empty_space height=&#8220;25&#8243;][vc_column_text]<\/p>\n<p style=\"text-align: left;\">F\u00fcr Langl\u00e4ufer bietet die Marmolada eine 7,5 km <strong>lange Strecke zwischen<\/strong> 1.465 und 1.575 m \u00fc.M. an. aufgeteilt in drei Ringe von je 2,5 km und mit unterschiedlichen Schwierigkeitsgraden, in denen Anf\u00e4nger oder erfahrene Skifahrer diese Sportart aus\u00fcben k\u00f6nnen. F\u00fcr diejenigen, die ihre ersten Schritte machen, bietet ein gut ausgestattetes <strong>Schulcamp<\/strong> die M\u00f6glichkeit, mit <strong>Hilfe von Skilehrern<\/strong> zu lernen. Die Strecke im Wald zwischen Koniferen und Br\u00fccken ist sehr eindrucksvoll, was sie zu einer Besonderheit macht. Auf allen Kursen k\u00f6nnen Sie sowohl die Freie als auch die Klassische Technik \u00fcben..<\/p>\n<ul>\n<li style=\"text-align: left;\">SPUR DER MURMELTIER: mit einer L\u00e4nge von 2.500 Metern ist es der einfachste Ring, bei geringen Schwierigkeiten kann er k\u00fcnstlich beschneit werden.<\/li>\n<li style=\"text-align: left;\">Homologiert<strong>\u00a0<\/strong><strong>\u00a0FISI<\/strong>.<\/li>\n<li style=\"text-align: left;\">SPUR DER ADLER: Die L\u00e4nge von 5.000 Metern macht es zur Zwischenspur Homologiert<strong>\u00a0FISI<\/strong>.<\/li>\n<li style=\"text-align: left;\">SPUR DER B\u00c4REN: questa pista con difficolt\u00e0 completa il percorso di 7.500 metri.<\/li>\n<\/ul>\n<p>[\/vc_column_text][\/vc_column_inner][vc_column_inner width=&#8220;1\/2&#8243; css=&#8220;.vc_custom_1519146184129{padding-right: 20px !important;padding-left: 20px !important;}&#8220;][vc_empty_space height=&#8220;120&#8243;][vc_single_image image=&#8220;624&#8243; img_size=&#8220;full&#8220; qode_css_animation=&#8220;&#8220;][\/vc_column_inner][\/vc_row_inner][vc_row_inner row_type=&#8220;row&#8220; type=&#8220;full_width&#8220; text_align=&#8220;left&#8220; css_animation=&#8220;&#8220; el_id=&#8220;Arrampicate-Ghiaccio&#8220;][vc_column_inner width=&#8220;1\/2&#8243; css=&#8220;.vc_custom_1519146213155{padding-right: 20px !important;padding-left: 20px !important;}&#8220;][vc_empty_space height=&#8220;120&#8243;][vc_single_image image=&#8220;626&#8243; img_size=&#8220;1520&#215;1280&#8243; qode_css_animation=&#8220;&#8220;][\/vc_column_inner][vc_column_inner width=&#8220;1\/2&#8243; css=&#8220;.vc_custom_1519146228692{padding-right: 20px !important;padding-left: 20px !important;}&#8220;][vc_empty_space height=&#8220;120&#8243;][vc_column_text]<\/p>\n<h3 style=\"text-align: left;\">Eisklettern<\/h3>\n<p>[\/vc_column_text][vc_empty_space height=&#8220;8&#8243;][vc_column_text]<\/p>\n<h6 style=\"text-align: left;\">Extremsportarten<\/h6>\n<p>[\/vc_column_text][vc_empty_space height=&#8220;25&#8243;][vc_column_text]Die Eisf\u00e4lle der <strong>Serrai di Sottoguda<\/strong> sind bei <strong>Eiskletterfreunden<\/strong> sehr beliebt. Unterwegs k\u00f6nnen Sie den faszinierenden Sport als Zuschauer beobachten. Die F\u00fclle an Wasserf\u00e4llen macht dieses Gebiet sehr interessant f\u00fcr einen &#8222;sportlichen&#8220; Zugang zum <strong>Vertical Ice<\/strong>. Es gibt verschiedene Routen, die im Winter mit Schwierigkeiten vom 2. bis zum 5. Grad gebildet werden, mit vielen mittelhohen Anstiegen, die den unterschiedlichen Bed\u00fcrfnissen der Kletterer gerecht werden. Die klassischsten, um nur einige zu nennen, sind: der Sonnenwasserfall, der Wasserfall der Kreuzungen, die Kathedrale in der Mitte, die Kathedrale rechts und die Kathedrale links, die Excalibur, das <strong>Schwert im Felsen<\/strong>, eine der gr\u00f6\u00dften Herausforderungen.[\/vc_column_text][\/vc_column_inner][\/vc_row_inner][vc_row_inner row_type=&#8220;row&#8220; type=&#8220;full_width&#8220; text_align=&#8220;left&#8220; css_animation=&#8220;&#8220; el_id=&#8220;Serrai-Sottoguda&#8220;][vc_column_inner width=&#8220;1\/2&#8243; css=&#8220;.vc_custom_1519146228692{padding-right: 20px !important;padding-left: 20px !important;}&#8220;][vc_empty_space height=&#8220;120&#8243;][vc_column_text]<\/p>\n<h3 style=\"text-align: right;\">Serrai von Sottoguda<\/h3>\n<p>[\/vc_column_text][vc_empty_space height=&#8220;8&#8243;][vc_column_text]<\/p>\n<h6 style=\"text-align: right;\">Wunder der Natur<\/h6>\n<p>[\/vc_column_text][vc_empty_space height=&#8220;25&#8243;][vc_column_text]Dies ist die alte Route, die mit ihren 2.200 Metern L\u00e4nge von <strong>Sottoguda<\/strong> nach <strong>Malga Ciapela<\/strong> f\u00fchrt. (jetzt ersetzt durch die komfortable SP-Variante 641) Durchquerung der suggestiven Schlucht, der sogenannten <strong>Serrai di Sottoguda<\/strong>, wo der Bach Pettorina flie\u00dft, von dem der Name Val Pettorina stammt. Die Stra\u00dfe ist f\u00fcr den Verkehr gesperrt und eignet sich f\u00fcr verschiedene Sport- und Freizeitaktivit\u00e4ten wie z.B. n\u00e4chtliche Fackelumz\u00fcge und Veranstaltungen der Traditionen des Tales.<\/p>\n<p>Entlang der Serrai k\u00f6nnen Sie einfache Spazierg\u00e4nge unternehmen, um Ihre Freizeit in der bezaubernden Atmosph\u00e4re dieser engen Schlucht zu genie\u00dfen, oder Sportarten wie <strong>Eisklettern<\/strong> oder Spazierg\u00e4nge mit Schneeschuhen oder Skiern aus\u00fcben. Die Durchfahrt mit dem Fahrrad ist nur bergauf erlaubt, wobei Fu\u00dfg\u00e4nger Vorrang haben.[\/vc_column_text][\/vc_column_inner][vc_column_inner width=&#8220;1\/2&#8243; css=&#8220;.vc_custom_1519146213155{padding-right: 20px !important;padding-left: 20px !important;}&#8220;][vc_empty_space height=&#8220;120&#8243;][vc_single_image image=&#8220;68&#8243; img_size=&#8220;full&#8220; qode_css_animation=&#8220;&#8220;][\/vc_column_inner][\/vc_row_inner][vc_row_inner row_type=&#8220;row&#8220; type=&#8220;full_width&#8220; text_align=&#8220;left&#8220; css_animation=&#8220;&#8220; el_id=&#8220;Museo-Marmolada&#8220;][vc_column_inner width=&#8220;1\/2&#8243; css=&#8220;.vc_custom_1519146213155{padding-right: 20px !important;padding-left: 20px !important;}&#8220;][vc_empty_space height=&#8220;120&#8243;][vc_single_image image=&#8220;612&#8243; img_size=&#8220;full&#8220; qode_css_animation=&#8220;&#8220;][\/vc_column_inner][vc_column_inner width=&#8220;1\/2&#8243; css=&#8220;.vc_custom_1519146228692{padding-right: 20px !important;padding-left: 20px !important;}&#8220;][vc_empty_space height=&#8220;120&#8243;][vc_column_text]<\/p>\n<h3 style=\"text-align: left;\">Marmolada Museum<\/h3>\n<p>[\/vc_column_text][vc_empty_space height=&#8220;8&#8243;][vc_column_text]<\/p>\n<h6 style=\"text-align: left;\">Das Museum des Ersten Weltkriegs auf einer H\u00f6he von 3.000 Metern<\/h6>\n<p>[\/vc_column_text][vc_empty_space height=&#8220;25&#8243;][vc_column_text]Das Marmolada-Museum ist nicht nur ein Geb\u00e4ude an sich, sondern Teil einer Umgebung und des Bewusstseins, sich in einem heiligen Gebiet zu befinden, das noch immer die \u00dcberreste vieler Soldaten bewahrt.<\/p>\n<p>Das Museum befindet sich auf einer H\u00f6he von 3.000 Metern. und verfolgt die verschiedenen Themen des Krieges in den Bergen in einer Route von 2 parallelen Tunneln..<\/p>\n<p><strong>\u00a0\u00a0\u00a0\u00a0\u00a0\u00a0\u00a0\u00a0\u00a0\u00a0\u00a0\u00a0\u00a0\u00a0 <\/strong><\/p>\n<p>Die Eisstadt ist Teil des Themenweges zum H\u00f6henkrieg. 12 km Tunnel und H\u00f6hlen, die in das Eis gegraben wurden, die als K\u00fcchen, Schlafs\u00e4le, Schwachstellen, Funkr\u00e4ume und Kantinen dienten, die mit der Zeit viel vom Gletscher \u00fcbernommen wurden.[\/vc_column_text][\/vc_column_inner][\/vc_row_inner][vc_empty_space height=&#8220;65&#8243;][\/vc_column][\/vc_row]<\/p>\n<\/div>","protected":false},"excerpt":{"rendered":"<p>[vc_row css_animation=&#8220;&#8220; row_type=&#8220;row&#8220; use_row_as_full_screen_section=&#8220;no&#8220; type=&#8220;full_width&#8220; angled_section=&#8220;no&#8220; text_align=&#8220;left&#8220; background_image_as_pattern=&#8220;without_pattern&#8220; side_padding=&#8220;5&#8243; z_index=&#8220;&#8220;][vc_column][vc_row_inner row_type=&#8220;row&#8220; type=&#8220;full_width&#8220; text_align=&#8220;left&#8220; css_animation=&#8220;&#8220;][vc_column_inner width=&#8220;8\/12&#8243;][vc_custom_heading&#8230;<\/p>\n","protected":false},"author":1,"featured_media":0,"parent":0,"menu_order":8,"comment_status":"closed","ping_status":"closed","template":"","meta":{"om_disable_all_campaigns":false,"_monsterinsights_skip_tracking":false,"_monsterinsights_sitenote_active":false,"_monsterinsights_sitenote_note":"","_monsterinsights_sitenote_category":0,"_uf_show_specific_survey":0,"_uf_disable_surveys":false,"footnotes":""},"class_list":["post-773","page","type-page","status-publish","hentry"],"aioseo_notices":[],"_links":{"self":[{"href":"https:\/\/albergogenzianella.it\/de\/wp-json\/wp\/v2\/pages\/773","targetHints":{"allow":["GET"]}}],"collection":[{"href":"https:\/\/albergogenzianella.it\/de\/wp-json\/wp\/v2\/pages"}],"about":[{"href":"https:\/\/albergogenzianella.it\/de\/wp-json\/wp\/v2\/types\/page"}],"author":[{"embeddable":true,"href":"https:\/\/albergogenzianella.it\/de\/wp-json\/wp\/v2\/users\/1"}],"replies":[{"embeddable":true,"href":"https:\/\/albergogenzianella.it\/de\/wp-json\/wp\/v2\/comments?post=773"}],"version-history":[{"count":29,"href":"https:\/\/albergogenzianella.it\/de\/wp-json\/wp\/v2\/pages\/773\/revisions"}],"predecessor-version":[{"id":1265,"href":"https:\/\/albergogenzianella.it\/de\/wp-json\/wp\/v2\/pages\/773\/revisions\/1265"}],"wp:attachment":[{"href":"https:\/\/albergogenzianella.it\/de\/wp-json\/wp\/v2\/media?parent=773"}],"curies":[{"name":"wp","href":"https:\/\/api.w.org\/{rel}","templated":true}]}}