{"id":767,"date":"2018-03-15T15:42:25","date_gmt":"2018-03-15T14:42:25","guid":{"rendered":"http:\/\/www.albergogenzianella.it\/hotel-genzianella\/"},"modified":"2019-01-23T15:21:30","modified_gmt":"2019-01-23T14:21:30","slug":"hotel-genzianella","status":"publish","type":"page","link":"https:\/\/albergogenzianella.it\/de\/","title":{"rendered":"Hotel Genzianella"},"content":{"rendered":"<div class=\"wpb-content-wrapper\"><p>[vc_row css_animation=&#8220;&#8220; row_type=&#8220;row&#8220; use_row_as_full_screen_section=&#8220;no&#8220; type=&#8220;grid&#8220; anchor=&#8220;about&#8220; angled_section=&#8220;no&#8220; text_align=&#8220;center&#8220; background_image_as_pattern=&#8220;without_pattern&#8220; background_color=&#8220;#f7f7dc&#8220; z_index=&#8220;11&#8243; css=&#8220;.vc_custom_1517259891981{border-top-width: 15px !important;padding-top: 50px !important;padding-bottom: 25px !important;border-top-color: #3e567c !important;border-top-style: double !important;}&#8220;][vc_column offset=&#8220;vc_col-lg-offset-2 vc_col-lg-8 vc_col-md-offset-1 vc_col-md-10&#8243; css=&#8220;.vc_custom_1466691550042{padding-right: 8% !important;padding-left: 8% !important;}&#8220;][vc_column_text]<\/p>\n<h2>Hotel Genzianella<\/h2>\n<p>[\/vc_column_text][vc_empty_space height=&#8220;13px&#8220;][vc_column_text]<\/p>\n<h5>Willkommen in unserem Hotel in Sottoguda, in einem der sch\u00f6nsten D\u00f6rfer Italiens, an den H\u00e4ngen der Marmolada.<\/h5>\n<p>[\/vc_column_text][\/vc_column][\/vc_row][vc_row css_animation=&#8220;&#8220; row_type=&#8220;row&#8220; use_row_as_full_screen_section=&#8220;no&#8220; type=&#8220;grid&#8220; angled_section=&#8220;no&#8220; text_align=&#8220;left&#8220; background_image_as_pattern=&#8220;without_pattern&#8220; background_color=&#8220;#f7f7dc&#8220; css=&#8220;.vc_custom_1518639082794{padding-top: 30px !important;padding-bottom: 30px !important;}&#8220; z_index=&#8220;11&#8243;][vc_column width=&#8220;1\/4&#8243; css=&#8220;.vc_custom_1466692483154{padding-right: 11% !important;padding-left: 11% !important;}&#8220; offset=&#8220;vc_col-lg-4 vc_col-md-4&#8243;][vc_single_image image=&#8220;403&#8243; img_size=&#8220;full&#8220; alignment=&#8220;center&#8220; style=&#8220;vc_box_border&#8220; border_color=&#8220;chino&#8220; qode_css_animation=&#8220;&#8220; qode_hover_animation=&#8220;zoom_in&#8220;][vc_empty_space height=&#8220;25&#8243;][vc_column_text]<\/p>\n<h5 style=\"text-align: center;\">Ein Besonderer Ort<\/h5>\n<p>[\/vc_column_text][vc_empty_space height=&#8220;16&#8243;][vc_single_image image=&#8220;405&#8243; img_size=&#8220;full&#8220; alignment=&#8220;center&#8220; qode_css_animation=&#8220;&#8220;][vc_empty_space height=&#8220;24&#8243;][vc_column_text]Das Hotel Genzianella befindet sich im charakteristischen Dorf Sottoguda, einem der <strong>sch\u00f6nsten D\u00f6rfer Italiens<\/strong>. Die zentrale Lage ist ein guter Ausgangspunkt f\u00fcr Ihren Urlaub.[\/vc_column_text][vc_separator type=&#8220;small&#8220; position=&#8220;center&#8220; color=&#8220;#96968e&#8220; thickness=&#8220;1&#8243; width=&#8220;50&#8243; up=&#8220;20&#8243; down=&#8220;30&#8243;][\/vc_column][vc_column width=&#8220;1\/4&#8243; css=&#8220;.vc_custom_1466692498411{padding-right: 11% !important;padding-left: 11% !important;}&#8220; offset=&#8220;vc_col-lg-4 vc_col-md-4&#8243;][vc_single_image image=&#8220;361&#8243; img_size=&#8220;1024&#215;680&#8243; alignment=&#8220;center&#8220; style=&#8220;vc_box_border&#8220; border_color=&#8220;chino&#8220; qode_css_animation=&#8220;&#8220; qode_hover_animation=&#8220;zoom_in&#8220;][vc_empty_space height=&#8220;26&#8243;][vc_column_text]<\/p>\n<h5 style=\"text-align: center;\">Vorbereitung f\u00fcr Sie<\/h5>\n<p>[\/vc_column_text][vc_empty_space height=&#8220;16&#8243;][vc_gallery type=&#8220;image_grid&#8220; images=&#8220;360,62,406,407&#8243; img_size=&#8220;1500&#215;1280&#8243; column_number=&#8220;4&#8243; grayscale=&#8220;no&#8220; images_space=&#8220;gallery_with_space&#8220;][vc_empty_space height=&#8220;16&#8243;][vc_column_text]Wir sind stolz darauf, unseren G\u00e4sten t\u00e4glich in unserer K\u00fcche zubereitete Produkte anbieten zu k\u00f6nnen. <strong>Energizing Fr\u00fchst\u00fcck<\/strong>, um die Tage oder Abendessen zu beginnen, um Ihren <strong>Gaumen zu befriedigen<\/strong>.[\/vc_column_text][vc_separator type=&#8220;small&#8220; position=&#8220;center&#8220; color=&#8220;#96968e&#8220; thickness=&#8220;1&#8243; width=&#8220;50&#8243; up=&#8220;20&#8243; down=&#8220;30&#8243;][\/vc_column][vc_column width=&#8220;1\/4&#8243; offset=&#8220;vc_col-lg-4 vc_col-md-4&#8243; css=&#8220;.vc_custom_1519035522372{padding-right: 11% !important;padding-left: 11% !important;}&#8220;][vc_single_image image=&#8220;891&#8243; img_size=&#8220;1024&#215;680&#8243; alignment=&#8220;center&#8220; style=&#8220;vc_box_border&#8220; border_color=&#8220;chino&#8220; qode_css_animation=&#8220;&#8220; qode_hover_animation=&#8220;zoom_in&#8220;][vc_empty_space height=&#8220;26&#8243;][vc_column_text]<\/p>\n<h5 style=\"text-align: center;\">Sport und Freizeit<\/h5>\n<p>[\/vc_column_text][vc_empty_space height=&#8220;16&#8243;][vc_gallery type=&#8220;image_grid&#8220; images=&#8220;23,57,892,404&#8243; img_size=&#8220;1500&#215;1280&#8243; column_number=&#8220;4&#8243; grayscale=&#8220;no&#8220; images_space=&#8220;gallery_with_space&#8220;][vc_empty_space height=&#8220;16&#8243;][vc_column_text]La <strong>Natura Alpina<\/strong> \u00e8 meravigliosa e nelle <strong>Dolomiti<\/strong>, <strong>Patrimonio dell&#8217;Umanit\u00e0<\/strong> (UNESCO 2009),<strong> \u00e8 unica<\/strong>. A piedi o in bicicletta, sugli sci o con le ciaspe non c&#8217;\u00e8 da annoiarsi sulle Dolomiti.[\/vc_column_text][vc_separator type=&#8220;small&#8220; position=&#8220;center&#8220; color=&#8220;#96968e&#8220; thickness=&#8220;1&#8243; width=&#8220;50&#8243; up=&#8220;20&#8243; down=&#8220;30&#8243;][\/vc_column][\/vc_row][vc_row css_animation=&#8220;&#8220; row_type=&#8220;row&#8220; use_row_as_full_screen_section=&#8220;no&#8220; type=&#8220;full_width&#8220; angled_section=&#8220;no&#8220; text_align=&#8220;left&#8220; background_image_as_pattern=&#8220;without_pattern&#8220; css=&#8220;.vc_custom_1522927492286{background-color: #ffffff !important;}&#8220; z_index=&#8220;19&#8243;][vc_column][vc_empty_space height=&#8220;64&#8243;][\/vc_column][\/vc_row][vc_row css_animation=&#8220;&#8220; row_type=&#8220;row&#8220; use_row_as_full_screen_section=&#8220;no&#8220; type=&#8220;full_width&#8220; angled_section=&#8220;no&#8220; text_align=&#8220;left&#8220; background_image_as_pattern=&#8220;without_pattern&#8220; css=&#8220;.vc_custom_1522927492286{background-color: #ffffff !important;}&#8220; z_index=&#8220;19&#8243;][vc_column][vc_column_text]<\/p>\n<p style=\"text-align: center; font-size: 44px; font-style: italic; font-weight: 500; line-height: 50px; color: #1e304f;\">Sport und Freizeit<\/p>\n<p>[\/vc_column_text][\/vc_column][\/vc_row][vc_row css_animation=&#8220;&#8220; row_type=&#8220;row&#8220; use_row_as_full_screen_section=&#8220;no&#8220; type=&#8220;grid&#8220; angled_section=&#8220;no&#8220; text_align=&#8220;left&#8220; background_image_as_pattern=&#8220;without_pattern&#8220; z_index=&#8220;&#8220;][vc_column width=&#8220;1\/3&#8243;][vc_empty_space][vc_custom_heading text=&#8220;Serrai di Sottoguda&#8220; font_container=&#8220;tag:h3|text_align:center|color:%23cec2ab&#8220; use_theme_fonts=&#8220;yes&#8220; link=&#8220;url:http%3A%2F%2Fwww.albergogenzianella.it%2Fde%2Fim-sommer%2F%23Serrai-di-Sottoguda|title:Dolomiten%20stufen|&#8220; css=&#8220;.vc_custom_1522934972674{padding-top: 15px !important;padding-bottom: 18px !important;background-color: #1e304f !important;}&#8220;][vc_empty_space height=&#8220;10&#8243;][vc_single_image image=&#8220;359&#8243; img_size=&#8220;1024\u00d7768&#8243; alignment=&#8220;center&#8220; onclick=&#8220;custom_link&#8220; qode_css_animation=&#8220;&#8220; link=&#8220;http:\/\/www.albergogenzianella.it\/de\/im-sommer\/#Serrai-di-Sottoguda&#8220;][\/vc_column][vc_column width=&#8220;1\/3&#8243;][vc_empty_space][vc_custom_heading text=&#8220;Marmolada Museum&#8220; font_container=&#8220;tag:h3|text_align:center|color:%23cec2ab&#8220; use_theme_fonts=&#8220;yes&#8220; link=&#8220;url:http%3A%2F%2Fwww.albergogenzianella.it%2Fde%2Fim-sommer%2F%23Museo-della-Marmolada|&#8220; css=&#8220;.vc_custom_1522933641224{padding-top: 15px !important;padding-bottom: 18px !important;background-color: #1e304f !important;}&#8220;][vc_empty_space height=&#8220;10&#8243;][vc_single_image image=&#8220;612&#8243; img_size=&#8220;1024\u00d7768&#8243; alignment=&#8220;center&#8220; onclick=&#8220;custom_link&#8220; qode_css_animation=&#8220;&#8220; link=&#8220;http:\/\/www.albergogenzianella.it\/de\/im-sommer\/#Museo-della-Marmolada&#8220;][\/vc_column][vc_column width=&#8220;1\/3&#8243;][vc_empty_space][vc_custom_heading text=&#8220;Historische Touren&#8220; font_container=&#8220;tag:h4|font_size:26|text_align:center|color:%23cec2ab&#8220; use_theme_fonts=&#8220;yes&#8220; link=&#8220;url:http%3A%2F%2Fwww.albergogenzianella.it%2Fde%2Fim-sommer%2F%23Giro-della-Grande-Guerra|&#8220; css=&#8220;.vc_custom_1522933427215{padding-top: 15px !important;padding-bottom: 18px !important;background-color: #960000 !important;}&#8220;][vc_empty_space height=&#8220;10&#8243;][vc_single_image image=&#8220;364&#8243; img_size=&#8220;1024\u00d7768&#8243; alignment=&#8220;center&#8220; onclick=&#8220;custom_link&#8220; qode_css_animation=&#8220;&#8220; link=&#8220;http:\/\/www.albergogenzianella.it\/de\/im-sommer\/#Giro-della-Grande-Guerra&#8220;][\/vc_column][\/vc_row][vc_row css_animation=&#8220;&#8220; row_type=&#8220;row&#8220; use_row_as_full_screen_section=&#8220;no&#8220; type=&#8220;full_width&#8220; angled_section=&#8220;no&#8220; text_align=&#8220;left&#8220; background_image_as_pattern=&#8220;without_pattern&#8220; css=&#8220;.vc_custom_1522927492286{background-color: #ffffff !important;}&#8220; z_index=&#8220;19&#8243;][vc_column][vc_empty_space height=&#8220;50&#8243;][\/vc_column][\/vc_row][vc_row css_animation=&#8220;&#8220; row_type=&#8220;row&#8220; use_row_as_full_screen_section=&#8220;no&#8220; type=&#8220;grid&#8220; angled_section=&#8220;no&#8220; text_align=&#8220;left&#8220; background_image_as_pattern=&#8220;without_pattern&#8220; z_index=&#8220;&#8220;][vc_column width=&#8220;1\/2&#8243;][vc_empty_space][vc_custom_heading text=&#8220;Mountain Bike&#8220; font_container=&#8220;tag:h4|font_size:26|text_align:center|color:%23cec2ab&#8220; google_fonts=&#8220;font_family:Lora%3Aregular%2Citalic%2C700%2C700italic|font_style:400%20italic%3A400%3Aitalic&#8220; css=&#8220;.vc_custom_1522934877622{padding-top: 15px !important;padding-bottom: 18px !important;background-color: #1e304f !important;}&#8220; link=&#8220;url:http%3A%2F%2Fwww.albergogenzianella.it%2Fde%2Fim-sommer%2F%23Sellaronda|&#8220;][vc_empty_space height=&#8220;10&#8243;][vc_single_image image=&#8220;59&#8243; img_size=&#8220;1024\u00d7768&#8243; alignment=&#8220;center&#8220; onclick=&#8220;custom_link&#8220; qode_css_animation=&#8220;&#8220; link=&#8220;http:\/\/www.albergogenzianella.it\/de\/im-sommer\/#Sellaronda&#8220;][\/vc_column][vc_column width=&#8220;1\/2&#8243;][vc_empty_space][vc_custom_heading text=&#8220;Dolomit P\u00e4sse&#8220; font_container=&#8220;tag:h4|font_size:26|text_align:center|color:%23cec2ab&#8220; google_fonts=&#8220;font_family:Lora%3Aregular%2Citalic%2C700%2C700italic|font_style:400%20italic%3A400%3Aitalic&#8220; css=&#8220;.vc_custom_1522933236908{padding-top: 15px !important;padding-bottom: 18px !important;background-color: #1e304f !important;}&#8220; link=&#8220;url:http%3A%2F%2Fwww.albergogenzianella.it%2Fde%2Fim-sommer%2F%23Sellaronda|&#8220;][vc_empty_space height=&#8220;10&#8243;][vc_single_image image=&#8220;611&#8243; img_size=&#8220;1024\u00d7768&#8243; alignment=&#8220;center&#8220; onclick=&#8220;custom_link&#8220; qode_css_animation=&#8220;&#8220; link=&#8220;http:\/\/www.albergogenzianella.it\/de\/im-sommer\/#Sellaronda&#8220;][\/vc_column][\/vc_row][vc_row css_animation=&#8220;&#8220; row_type=&#8220;row&#8220; use_row_as_full_screen_section=&#8220;no&#8220; type=&#8220;full_width&#8220; angled_section=&#8220;no&#8220; text_align=&#8220;left&#8220; background_image_as_pattern=&#8220;without_pattern&#8220; css=&#8220;.vc_custom_1522927492286{background-color: #ffffff !important;}&#8220; z_index=&#8220;19&#8243;][vc_column][vc_empty_space height=&#8220;64&#8243;][\/vc_column][\/vc_row][vc_row css_animation=&#8220;&#8220; row_type=&#8220;row&#8220; use_row_as_full_screen_section=&#8220;no&#8220; type=&#8220;full_width&#8220; angled_section=&#8220;no&#8220; text_align=&#8220;left&#8220; background_image_as_pattern=&#8220;without_pattern&#8220; side_padding=&#8220;5&#8243; z_index=&#8220;&#8220;][vc_column width=&#8220;1\/3&#8243; offset=&#8220;vc_hidden-lg vc_hidden-md vc_hidden-sm vc_hidden-xs&#8220;][vc_empty_space height=&#8220;50&#8243;][vc_custom_heading text=&#8220;Geschehen&#8220; font_container=&#8220;tag:p|font_size:40|text_align:center|color:%235b6a79&#8243; google_fonts=&#8220;font_family:Raleway%3A100%2C200%2C300%2Cregular%2C500%2C600%2C700%2C800%2C900|font_style:200%20light%20regular%3A200%3Anormal&#8220;][vc_empty_space height=&#8220;50&#8243;][vc_basic_grid post_type=&#8220;post&#8220; max_items=&#8220;-1&#8243; element_width=&#8220;12&#8243; item=&#8220;491&#8243; grid_id=&#8220;vc_gid:1548253152070-e55a4682-22e9-3&#8243; taxonomies=&#8220;6&#8243;][\/vc_column][vc_column width=&#8220;1\/3&#8243; offset=&#8220;vc_hidden-lg vc_hidden-md vc_hidden-sm vc_hidden-xs&#8220;][vc_empty_space height=&#8220;50&#8243;][vc_custom_heading text=&#8220;Angebote&#8220; font_container=&#8220;tag:p|font_size:40|text_align:center|color:%235b6a79&#8243; google_fonts=&#8220;font_family:Raleway%3A100%2C200%2C300%2Cregular%2C500%2C600%2C700%2C800%2C900|font_style:200%20light%20regular%3A200%3Anormal&#8220;][vc_empty_space height=&#8220;50&#8243;][vc_basic_grid post_type=&#8220;post&#8220; max_items=&#8220;-1&#8243; element_width=&#8220;12&#8243; item=&#8220;172&#8243; grid_id=&#8220;vc_gid:1548253152099-195a9c84-ed2e-4&#8243; taxonomies=&#8220;7&#8243;][\/vc_column][vc_column width=&#8220;1\/3&#8243; offset=&#8220;vc_hidden-lg vc_hidden-md vc_hidden-sm vc_hidden-xs&#8220;][vc_empty_space height=&#8220;50&#8243;][vc_custom_heading text=&#8220;Blog&#8220; font_container=&#8220;tag:p|font_size:40|text_align:center|color:%235b6a79&#8243; google_fonts=&#8220;font_family:Raleway%3A100%2C200%2C300%2Cregular%2C500%2C600%2C700%2C800%2C900|font_style:200%20light%20regular%3A200%3Anormal&#8220;][vc_empty_space height=&#8220;50&#8243;][vc_basic_grid post_type=&#8220;portfolio_page&#8220; max_items=&#8220;-1&#8243; element_width=&#8220;12&#8243; item=&#8220;586&#8243; grid_id=&#8220;vc_gid:1548253152112-86e58000-af29-2&#8243; taxonomies=&#8220;8&#8243;][\/vc_column][\/vc_row]<\/p>\n<\/div>","protected":false},"excerpt":{"rendered":"<p>[vc_row css_animation=&#8220;&#8220; row_type=&#8220;row&#8220; use_row_as_full_screen_section=&#8220;no&#8220; type=&#8220;grid&#8220; anchor=&#8220;about&#8220; angled_section=&#8220;no&#8220; text_align=&#8220;center&#8220; background_image_as_pattern=&#8220;without_pattern&#8220; background_color=&#8220;#f7f7dc&#8220; z_index=&#8220;11&#8243; css=&#8220;.vc_custom_1517259891981{border-top-width: 15px !important;padding-top: 50px&#8230;<\/p>\n","protected":false},"author":1,"featured_media":0,"parent":0,"menu_order":0,"comment_status":"closed","ping_status":"open","template":"full_width.php","meta":{"om_disable_all_campaigns":false,"_monsterinsights_skip_tracking":false,"_monsterinsights_sitenote_active":false,"_monsterinsights_sitenote_note":"","_monsterinsights_sitenote_category":0,"_uf_show_specific_survey":0,"_uf_disable_surveys":false,"footnotes":""},"class_list":["post-767","page","type-page","status-publish","hentry"],"aioseo_notices":[],"_links":{"self":[{"href":"https:\/\/albergogenzianella.it\/de\/wp-json\/wp\/v2\/pages\/767","targetHints":{"allow":["GET"]}}],"collection":[{"href":"https:\/\/albergogenzianella.it\/de\/wp-json\/wp\/v2\/pages"}],"about":[{"href":"https:\/\/albergogenzianella.it\/de\/wp-json\/wp\/v2\/types\/page"}],"author":[{"embeddable":true,"href":"https:\/\/albergogenzianella.it\/de\/wp-json\/wp\/v2\/users\/1"}],"replies":[{"embeddable":true,"href":"https:\/\/albergogenzianella.it\/de\/wp-json\/wp\/v2\/comments?post=767"}],"version-history":[{"count":4,"href":"https:\/\/albergogenzianella.it\/de\/wp-json\/wp\/v2\/pages\/767\/revisions"}],"predecessor-version":[{"id":2083,"href":"https:\/\/albergogenzianella.it\/de\/wp-json\/wp\/v2\/pages\/767\/revisions\/2083"}],"wp:attachment":[{"href":"https:\/\/albergogenzianella.it\/de\/wp-json\/wp\/v2\/media?parent=767"}],"curies":[{"name":"wp","href":"https:\/\/api.w.org\/{rel}","templated":true}]}}