{"id":765,"date":"2018-03-16T12:37:23","date_gmt":"2018-03-16T11:37:23","guid":{"rendered":"http:\/\/www.albergogenzianella.it\/in-estate\/"},"modified":"2018-04-10T12:18:10","modified_gmt":"2018-04-10T10:18:10","slug":"im-sommer","status":"publish","type":"page","link":"https:\/\/albergogenzianella.it\/de\/im-sommer\/","title":{"rendered":"Im Sommer"},"content":{"rendered":"<div class=\"wpb-content-wrapper\"><p>[vc_row css_animation=&#8220;&#8220; row_type=&#8220;row&#8220; use_row_as_full_screen_section=&#8220;no&#8220; type=&#8220;full_width&#8220; angled_section=&#8220;no&#8220; text_align=&#8220;left&#8220; background_image_as_pattern=&#8220;without_pattern&#8220; side_padding=&#8220;5&#8243; z_index=&#8220;&#8220;][vc_column][vc_row_inner row_type=&#8220;row&#8220; type=&#8220;full_width&#8220; text_align=&#8220;left&#8220; css_animation=&#8220;&#8220;][vc_column_inner width=&#8220;8\/12&#8243;][vc_custom_heading text=&#8220;Sommer zwischen Natur, Sport und Geschichte&#8220; use_theme_fonts=&#8220;yes&#8220;][vc_empty_space height=&#8220;25&#8243;][vc_column_text]Dolomiten, Berge die mit dem Auf und Ab der Sonne zu Rot aufsteigen, die allm\u00e4hlich zu Purpur \u00fcbergeht. Eine spektakul\u00e4re <strong>Natur<\/strong>, wo man die Ferien verbringen kann.<br \/>\n<strong>Le Corbusier<\/strong> nannte die Dolomiten &#8222;das sch\u00f6nste architektonische Werk der Welt&#8220; und ist heute Weltkulturerbe. So viel <strong>Geschichte<\/strong> ist bekannt, erhalten in den Traditionen der T\u00e4ler und unter den Gletschern der &#8222;K\u00f6nigin der Dolomiten&#8220;&#8220;.[\/vc_column_text][\/vc_column_inner][vc_column_inner width=&#8220;4\/12&#8243;][\/vc_column_inner][\/vc_row_inner][vc_row_inner row_type=&#8220;row&#8220; type=&#8220;full_width&#8220; text_align=&#8220;left&#8220; css_animation=&#8220;&#8220; el_id=&#8220;Giro-della-Grande-Guerra&#8220;][vc_column_inner width=&#8220;1\/2&#8243; css=&#8220;.vc_custom_1519146213155{padding-right: 20px !important;padding-left: 20px !important;}&#8220;][vc_empty_space height=&#8220;100&#8243;][vc_single_image image=&#8220;364&#8243; img_size=&#8220;full&#8220; qode_css_animation=&#8220;&#8220;][\/vc_column_inner][vc_column_inner width=&#8220;1\/2&#8243; css=&#8220;.vc_custom_1519146228692{padding-right: 20px !important;padding-left: 20px !important;}&#8220;][vc_empty_space height=&#8220;120&#8243;][vc_column_text]<\/p>\n<h3 style=\"text-align: left;\">Tour des Ersten Weltkriegs<\/h3>\n<p>[\/vc_column_text][vc_empty_space height=&#8220;8&#8243;][vc_column_text]<\/p>\n<h6 style=\"text-align: left;\">\u00dcberquerung der sch\u00f6nsten Berge der Dolomiten<\/h6>\n<p>[\/vc_column_text][vc_empty_space height=&#8220;25&#8243;][vc_column_text]Die Berge dieser Gebiete sind Museen, die die \u00dcberreste des gro\u00dfen Konflikts bewahren. Auf dem Weg, der sich entlang von Wegen und Tunneln des Milit\u00e4rs entwickelt, \u00fcberquert man Gr\u00e4ben, Metallbr\u00fccken und alte <strong>Milit\u00e4rposten<\/strong>.\u00a0Eine sehr gesch\u00e4tzte Route inmitten typischer alpiner Landschaften, die die sch\u00f6nsten Berge der Dolomiten wie <strong>Marmolada<\/strong>, <strong>Civetta<\/strong>, <strong>Pelmo<\/strong>, <strong>Tofane<\/strong>, <strong>Lagazuoi<\/strong>, <strong>Cinque Torri<\/strong>, <strong>Cime di Fanes<\/strong> und <strong>Gruppo del Sella<\/strong> durchqueren und sich das Leben der M\u00e4nner vorstellen, die diesem Konflikt ausgesetzt waren.[\/vc_column_text][\/vc_column_inner][\/vc_row_inner][vc_row_inner row_type=&#8220;row&#8220; type=&#8220;full_width&#8220; text_align=&#8220;left&#8220; css_animation=&#8220;&#8220; el_id=&#8220;Sellaronda&#8220;][vc_column_inner width=&#8220;1\/2&#8243; css=&#8220;.vc_custom_1519146228692{padding-right: 20px !important;padding-left: 20px !important;}&#8220;][vc_empty_space height=&#8220;120&#8243;][vc_column_text]<\/p>\n<h3 style=\"text-align: right;\">Sellaronda<\/h3>\n<p>[\/vc_column_text][vc_empty_space height=&#8220;8&#8243;][vc_column_text]<\/p>\n<h6 style=\"text-align: right;\">Tour der 4 Schritte<\/h6>\n<p>[\/vc_column_text][vc_empty_space height=&#8220;25&#8243;][vc_column_text]Es ist Teil der Etappen, die die Geschichte des Giro d&#8217;Italia mit den 4 Stufen gepr\u00e4gt haben: <strong>Gardena-Pass<\/strong>, <strong>Campolongo-Pass<\/strong>, <strong>Pordoi-Pass<\/strong> und <strong>Sella-Pass<\/strong>. Ein Abstecher in die Geschichte der Bergbesteigungen, wo der &#8222;Big&#8220; zum Tr\u00e4umen und Leben einl\u00e4dt. In den 54 km klettern Sie sogar mehr als 2.000 Meter, um steile H\u00e4nge hinunter zu gehen und einen &#8222;atemberaubenden&#8220; Aufstieg und dann wieder hinunter zu finden, bis hin zu Zeiten, in denen wir wieder zu Atem kommen und Kraft sch\u00f6pfen k\u00f6nnen.<\/p>\n<p>Von Sottoguda aus erreichen Sie Arabba mit dem Auto als Ausgangspunkt. Wer &#8222;Bein&#8220; und viel zu geben hat, kann die 7 km zum Fedaia Pass hinaufsteigen und nach Canazei (10 km) hinunterfahren, auf die SS 48, die zur Rennstrecke f\u00fchrt (5 km).[\/vc_column_text][\/vc_column_inner][vc_column_inner width=&#8220;1\/2&#8243; css=&#8220;.vc_custom_1519146213155{padding-right: 20px !important;padding-left: 20px !important;}&#8220;][vc_empty_space height=&#8220;120&#8243;][vc_single_image image=&#8220;611&#8243; img_size=&#8220;full&#8220; qode_css_animation=&#8220;&#8220;][\/vc_column_inner][\/vc_row_inner][vc_row_inner row_type=&#8220;row&#8220; type=&#8220;full_width&#8220; text_align=&#8220;left&#8220; css_animation=&#8220;&#8220; el_id=&#8220;mountain-bike-sul-fedaia&#8220;][vc_column_inner width=&#8220;1\/2&#8243; css=&#8220;.vc_custom_1519146213155{padding-right: 20px !important;padding-left: 20px !important;}&#8220;][vc_empty_space height=&#8220;120&#8243;][vc_gallery interval=&#8220;3&#8243; images=&#8220;57,59&#8243; img_size=&#8220;1920&#215;1270&#8243;][\/vc_column_inner][vc_column_inner width=&#8220;1\/2&#8243; css=&#8220;.vc_custom_1519146228692{padding-right: 20px !important;padding-left: 20px !important;}&#8220;][vc_empty_space height=&#8220;120&#8243;][vc_column_text]<\/p>\n<h3 style=\"text-align: left;\">Mountain Bike<\/h3>\n<p>[\/vc_column_text][vc_empty_space height=&#8220;8&#8243;][vc_column_text]<\/p>\n<h6 style=\"text-align: left;\">Marmolada &#8211; Arabba &#8211; Sellaronda<\/h6>\n<p>[\/vc_column_text][vc_empty_space height=&#8220;25&#8243;][vc_column_text]Mountainbike ist nicht fehlen die Wahl f\u00fcr Spa\u00df, vor allem f\u00fcr diejenigen, die sich f\u00fcr Off-Piste, so Fahrrad leicht, aber robust. Vom Hotel aus geht es entlang der Serrai di Sottoguda hinauf zur Malga Ciapela, wo Sie den Sessellift des Padon nehmen und den Padonpass leicht erreichen k\u00f6nnen. Folgen Sie dem Weg in Richtung Porta Vescovo und steigen Sie auf den <strong>Arabba-H\u00e4ngen<\/strong>, ebenfalls bergab, mit <strong>Skiliften<\/strong> ab oder fahren Sie weiter in Richtung Val del Pian auf dem Weg Nr. 601, der zum Passo Fedaia f\u00fchrt.<\/p>\n<p>Sie kehren zum Hotel auf der Hauptstra\u00dfe zur\u00fcck, <strong>da es verboten ist, auf der Serrai di Sottoguda mit dem Fahrrad zu fahren<\/strong>.[\/vc_column_text][\/vc_column_inner][\/vc_row_inner][vc_row_inner row_type=&#8220;row&#8220; type=&#8220;full_width&#8220; text_align=&#8220;left&#8220; css_animation=&#8220;&#8220; el_id=&#8220;Passa-per-i-Passi&#8220;][vc_column_inner width=&#8220;1\/2&#8243; css=&#8220;.vc_custom_1519146228692{padding-right: 20px !important;padding-left: 20px !important;}&#8220;][vc_empty_space height=&#8220;120&#8243;][vc_column_text]<\/p>\n<h3 style=\"text-align: right;\">&#8222;Gehe durch die Alpenp\u00e4sse&#8220;<\/h3>\n<p>[\/vc_column_text][vc_empty_space height=&#8220;8&#8243;][vc_column_text]<\/p>\n<h6 style=\"text-align: right;\">Tour cyclomoto Tour zwischen den P\u00e4ssen<br \/>\ndie Fedaia &#8211; Pordoi &#8211; Giau &#8211; Falzarego<\/h6>\n<p>[\/vc_column_text][vc_empty_space height=&#8220;25&#8243;][vc_column_text]Vom Hotel Genzianella aus, mit dem Fahrrad oder Motorrad, k\u00f6nnen Sie sofort 2 Richtungen w\u00e4hlen, um die ber\u00fchmten <strong>Dolomitenp\u00e4sse<\/strong> zu besuchen, die auch von der <strong>Giro d&#8217;Italia<\/strong> durchquert werden.<\/p>\n<p>Der erste ist der <strong>Fedaia-Pass<\/strong> (800 m H\u00f6henunterschied in 8 km) zum Abstieg nach Canazei, der <strong>Pordoi-Pass<\/strong> zum Abstieg nach Arabba und zur\u00fcck zum Hotel \u00fcber Caprile (75 km).\u00a0 Oder fahren Sie in Richtung Caprile, steigen Sie zum <strong>Giau-Pass<\/strong> auf, steigen Sie nach Pocol ab, um einen Panoramablick auf <strong>Cortina d&#8217;Ampezzo<\/strong> zu genie\u00dfen, und kehren Sie zum Hotel zur\u00fcck, indem Sie den Falzarego hinaufsteigen und nach Caprile (70 km) absteigen.[\/vc_column_text][\/vc_column_inner][vc_column_inner width=&#8220;1\/2&#8243; css=&#8220;.vc_custom_1519146213155{padding-right: 20px !important;padding-left: 20px !important;}&#8220;][vc_empty_space height=&#8220;120&#8243;][vc_raw_html]PGlmcmFtZSBzcmM9Imh0dHBzOi8vd3d3Lmdvb2dsZS5jb20vbWFwcy9kL3UvMC9lbWJlZD9taWQ9MUJEbld4bXRiR0ZyZHh3UV9tTGZBSmdVUVBFVmUwT0NwIiB3aWR0aD0iNDcwIiBoZWlnaHQ9IjM1MyI+PC9pZnJhbWU+[\/vc_raw_html][\/vc_column_inner][\/vc_row_inner][vc_row_inner row_type=&#8220;row&#8220; type=&#8220;full_width&#8220; text_align=&#8220;left&#8220; css_animation=&#8220;&#8220; el_id=&#8220;Serrai-di-Sottoguda&#8220;][vc_column_inner width=&#8220;1\/2&#8243; css=&#8220;.vc_custom_1519146213155{padding-right: 20px !important;padding-left: 20px !important;}&#8220;][vc_empty_space height=&#8220;120&#8243;][vc_single_image image=&#8220;359&#8243; img_size=&#8220;full&#8220; qode_css_animation=&#8220;&#8220;][\/vc_column_inner][vc_column_inner width=&#8220;1\/2&#8243; css=&#8220;.vc_custom_1519146228692{padding-right: 20px !important;padding-left: 20px !important;}&#8220;][vc_empty_space height=&#8220;120&#8243;][vc_column_text]<\/p>\n<h3 style=\"text-align: left;\">Serrai von Sottoguda<\/h3>\n<p>[\/vc_column_text][vc_empty_space height=&#8220;8&#8243;][vc_column_text]<\/p>\n<h6 style=\"text-align: left;\">Wunder der Natur<\/h6>\n<p>[\/vc_column_text][vc_empty_space height=&#8220;25&#8243;][vc_column_text]Dies ist die alte Route, die mit ihren 2.200 Metern L\u00e4nge von <strong>Sottoguda<\/strong> zur <strong>Malga Ciapela<\/strong> (heute ersetzt durch die bequeme Variante der SP 641) f\u00fchrt und die bezaubernde Schlucht, die sogenannte Serrai di Sottoguda, wo der Pettorina Bach flie\u00dft, daher der Name <strong>Val Pettorina<\/strong>. Die Stra\u00dfe ist f\u00fcr den Verkehr gesperrt und eignet sich f\u00fcr verschiedene Sport- und Freizeitaktivit\u00e4ten wie z.B. n\u00e4chtliche Fackelumz\u00fcge und Veranstaltungen der Traditionen des Tales.<\/p>\n<p>Entlang der Serrai k\u00f6nnen Sie einfache Spazierg\u00e4nge unternehmen, um Ihre Freizeit in der bezaubernden Atmosph\u00e4re dieser engen Schlucht zu genie\u00dfen, oder mit dem Fahrrad nur bergauf, wobei Fu\u00dfg\u00e4nger bevorzugt werden.<\/p>\n<p>Im Winter k\u00f6nnen Sie Skifahren oder Schneeschuhwandern und die Aufstiege zu den Ice wasserf\u00e4llen vieler Kletterer beobachten.[\/vc_column_text][\/vc_column_inner][\/vc_row_inner][vc_row_inner row_type=&#8220;row&#8220; type=&#8220;full_width&#8220; text_align=&#8220;left&#8220; css_animation=&#8220;&#8220; el_id=&#8220;Museo-della-Marmolada&#8220;][vc_column_inner width=&#8220;1\/2&#8243; css=&#8220;.vc_custom_1519146228692{padding-right: 20px !important;padding-left: 20px !important;}&#8220;][vc_empty_space height=&#8220;120&#8243;][vc_column_text]<\/p>\n<h3 style=\"text-align: right;\">Marmolada Museum<\/h3>\n<p>[\/vc_column_text][vc_empty_space height=&#8220;8&#8243;][vc_column_text]<\/p>\n<h6 style=\"text-align: right;\">Das Museum des Ersten Weltkriegs auf einer H\u00f6he von 3.000 Metern<\/h6>\n<p>[\/vc_column_text][vc_empty_space height=&#8220;25&#8243;][vc_column_text]Das Marmolada Museum ist nicht nur ein Geb\u00e4ude, sondern es ist Teil einer Umgebung und des Bewusstseins, in einer <strong>heiligen Gegend<\/strong> zu sein, die immer noch die <strong>\u00dcberreste vieler Soldaten bewacht.<\/strong><\/p>\n<p>Das Museum befindet sich auf einer H\u00f6he von 3.000 Metern. und verfolgt die verschiedenen Themen des <strong>Krieges in den Bergen<\/strong> in einem Pfad von 2 parallelen Galerien.<\/p>\n<p>Die <strong>Eisstadt<\/strong> ist Teil des Weges zum Thema Krieg in gro\u00dfer H\u00f6he. 12 km Tunnel und H\u00f6hlen, die einst als K\u00fcchen, Schlafs\u00e4le, Krankenstationen, Radios\u00e4le und Kantinen genutzt wurden, die mit der Zeit den Gletscher weitgehend zur\u00fcckgewonnen haben.[\/vc_column_text][\/vc_column_inner][vc_column_inner width=&#8220;1\/2&#8243; css=&#8220;.vc_custom_1519146213155{padding-right: 20px !important;padding-left: 20px !important;}&#8220;][vc_empty_space height=&#8220;120&#8243;][vc_single_image image=&#8220;612&#8243; img_size=&#8220;full&#8220; qode_css_animation=&#8220;&#8220;][\/vc_column_inner][\/vc_row_inner][vc_empty_space height=&#8220;65&#8243;][\/vc_column][\/vc_row]<\/p>\n<\/div>","protected":false},"excerpt":{"rendered":"<p>[vc_row css_animation=&#8220;&#8220; row_type=&#8220;row&#8220; use_row_as_full_screen_section=&#8220;no&#8220; type=&#8220;full_width&#8220; angled_section=&#8220;no&#8220; text_align=&#8220;left&#8220; background_image_as_pattern=&#8220;without_pattern&#8220; side_padding=&#8220;5&#8243; z_index=&#8220;&#8220;][vc_column][vc_row_inner row_type=&#8220;row&#8220; type=&#8220;full_width&#8220; text_align=&#8220;left&#8220; css_animation=&#8220;&#8220;][vc_column_inner width=&#8220;8\/12&#8243;][vc_custom_heading&#8230;<\/p>\n","protected":false},"author":1,"featured_media":0,"parent":0,"menu_order":7,"comment_status":"closed","ping_status":"closed","template":"","meta":{"om_disable_all_campaigns":false,"_monsterinsights_skip_tracking":false,"_monsterinsights_sitenote_active":false,"_monsterinsights_sitenote_note":"","_monsterinsights_sitenote_category":0,"_uf_show_specific_survey":0,"_uf_disable_surveys":false,"footnotes":""},"class_list":["post-765","page","type-page","status-publish","hentry"],"aioseo_notices":[],"_links":{"self":[{"href":"https:\/\/albergogenzianella.it\/de\/wp-json\/wp\/v2\/pages\/765","targetHints":{"allow":["GET"]}}],"collection":[{"href":"https:\/\/albergogenzianella.it\/de\/wp-json\/wp\/v2\/pages"}],"about":[{"href":"https:\/\/albergogenzianella.it\/de\/wp-json\/wp\/v2\/types\/page"}],"author":[{"embeddable":true,"href":"https:\/\/albergogenzianella.it\/de\/wp-json\/wp\/v2\/users\/1"}],"replies":[{"embeddable":true,"href":"https:\/\/albergogenzianella.it\/de\/wp-json\/wp\/v2\/comments?post=765"}],"version-history":[{"count":20,"href":"https:\/\/albergogenzianella.it\/de\/wp-json\/wp\/v2\/pages\/765\/revisions"}],"predecessor-version":[{"id":1241,"href":"https:\/\/albergogenzianella.it\/de\/wp-json\/wp\/v2\/pages\/765\/revisions\/1241"}],"wp:attachment":[{"href":"https:\/\/albergogenzianella.it\/de\/wp-json\/wp\/v2\/media?parent=765"}],"curies":[{"name":"wp","href":"https:\/\/api.w.org\/{rel}","templated":true}]}}