{"id":753,"date":"2018-03-16T12:21:26","date_gmt":"2018-03-16T11:21:26","guid":{"rendered":"http:\/\/www.albergogenzianella.it\/camere\/camere-triple\/"},"modified":"2018-04-11T10:02:54","modified_gmt":"2018-04-11T08:02:54","slug":"dreibettzimmer","status":"publish","type":"page","link":"https:\/\/albergogenzianella.it\/de\/camere\/dreibettzimmer\/","title":{"rendered":"Dreibettzimmer"},"content":{"rendered":"<div class=\"wpb-content-wrapper\"><p>[vc_row css_animation=&#8220;&#8220; row_type=&#8220;row&#8220; use_row_as_full_screen_section=&#8220;no&#8220; type=&#8220;full_width&#8220; angled_section=&#8220;no&#8220; text_align=&#8220;left&#8220; background_image_as_pattern=&#8220;without_pattern&#8220; el_id=&#8220;dettagli&#8220; z_index=&#8220;&#8220;][vc_column][vc_empty_space height=&#8220;50&#8243;][\/vc_column][\/vc_row][vc_row css_animation=&#8220;&#8220; row_type=&#8220;row&#8220; use_row_as_full_screen_section=&#8220;no&#8220; type=&#8220;grid&#8220; angled_section=&#8220;no&#8220; text_align=&#8220;left&#8220; background_image_as_pattern=&#8220;without_pattern&#8220; z_index=&#8220;&#8220; css=&#8220;.vc_custom_1518030574449{border-top-width: 1px !important;border-right-width: 1px !important;border-bottom-width: 1px !important;border-left-width: 1px !important;padding-bottom: 32px !important;background-color: #f7f7dc !important;border-left-style: solid !important;border-right-style: solid !important;border-top-style: solid !important;border-bottom-style: solid !important;}&#8220;][vc_column width=&#8220;1\/2&#8243; css=&#8220;.vc_custom_1518031283304{padding-right: 20px !important;padding-left: 20px !important;}&#8220;][vc_row_inner row_type=&#8220;row&#8220; type=&#8220;full_width&#8220; text_align=&#8220;left&#8220; css_animation=&#8220;&#8220;][vc_column_inner offset=&#8220;vc_hidden-lg vc_hidden-md vc_hidden-sm vc_hidden-xs&#8220;][vc_column_text]Ger\u00e4umiges Zimmer f\u00fcr 3 Personen mit Doppelbett 200 x 190 und 1 Einzelbett 200 x 95 alle mit Holzlatten. M\u00f6glichkeit, 3 Einzelbetten zu haben.[\/vc_column_text][\/vc_column_inner][\/vc_row_inner][vc_empty_space height=&#8220;50&#8243;][vc_custom_heading text=&#8220;Beschreibung&#8220; font_container=&#8220;tag:p|font_size:28|text_align:left&#8220; google_fonts=&#8220;font_family:Lora%3Aregular%2Citalic%2C700%2C700italic|font_style:400%20italic%3A400%3Aitalic&#8220;][vc_empty_space height=&#8220;25&#8243;][vc_column_text]<\/p>\n<ul class=\"room-basic-info\">\n<li>3 Personen<\/li>\n<li>1 Doppelbett<\/li>\n<li>1 Einzelbetten<\/li>\n<\/ul>\n<p>&nbsp;<\/p>\n<p>Zimmer f\u00fcr 3 Personen mit Doppelbett 200 x 190 und 1 Einzelbett 200 x 95 alle mit Holzlatten, mit der M\u00f6glichkeit, 3 Einzelbetten zu haben.[\/vc_column_text][vc_empty_space][vc_single_image source=&#8220;featured_image&#8220; img_size=&#8220;1920&#215;1080&#8243; qode_css_animation=&#8220;&#8220;][vc_empty_space height=&#8220;25&#8243;][vc_media_grid element_width=&#8220;2&#8243; item=&#8220;283&#8243; grid_id=&#8220;vc_gid:1523433417031-b8d1cc98-9e03-0&#8243; include=&#8220;388,596,597,598,389,599,595,601,600&#8243;][\/vc_column][vc_column width=&#8220;1\/2&#8243; css=&#8220;.vc_custom_1518005706074{padding-right: 20px !important;padding-left: 20px !important;}&#8220;][vc_empty_space height=&#8220;50&#8243;]<div class=\"qode-comparative-features-table qode-cft-one-column\">\n\t<div class=\"qode-cft-header qode-cft-row\">\n\t\t<div class=\"qode-cft-title-holder\">\n\t\t\t<h5 class=\"qode-cft-title\">\n\t\t\tDienstleistungen\t\t<\/h5>\n\t<\/div>\n\t<\/div>\n\t<div class=\"qode-cft-feature qode-cft-row\">\n\t<h6 class=\"qode-cft-feature-title\">\n\tTV mit Sky-Satellitenkan\u00e4len\t<\/h6>\n\t\t\t\t<div class=\"qode-cft-feature-value\">\n\t\t\t<h6 class=\"qode-cft-feature-item-title-responsive\">\n\t\t\tTV mit Sky-Satellitenkan\u00e4len\t\t\t<\/h6>\n\t\t\t<span class=\"icon_check qode-cft-mark qode-cft-active\"><\/span>\t\t\t<\/div>\n\t\t\t\t<\/div>\n\t<div class=\"qode-cft-feature qode-cft-row\">\n\t<h6 class=\"qode-cft-feature-title\">\n\tFreie Wi-Fi-Verbindung\t<\/h6>\n\t\t\t\t<div class=\"qode-cft-feature-value\">\n\t\t\t<h6 class=\"qode-cft-feature-item-title-responsive\">\n\t\t\tFreie Wi-Fi-Verbindung\t\t\t<\/h6>\n\t\t\t<span class=\"icon_check qode-cft-mark qode-cft-active\"><\/span>\t\t\t<\/div>\n\t\t\t\t<\/div>\n\t<div class=\"qode-cft-feature qode-cft-row\">\n\t<h6 class=\"qode-cft-feature-title\">\n\tSchreibtisch\t<\/h6>\n\t\t\t\t<div class=\"qode-cft-feature-value\">\n\t\t\t<h6 class=\"qode-cft-feature-item-title-responsive\">\n\t\t\tSchreibtisch\t\t\t<\/h6>\n\t\t\t<span class=\"icon_check qode-cft-mark qode-cft-active\"><\/span>\t\t\t<\/div>\n\t\t\t\t<\/div>\n\t<div class=\"qode-cft-feature qode-cft-row\">\n\t<h6 class=\"qode-cft-feature-title\">\n\tBegr\u00fc\u00dfungspakete\t<\/h6>\n\t\t\t\t<div class=\"qode-cft-feature-value\">\n\t\t\t<h6 class=\"qode-cft-feature-item-title-responsive\">\n\t\t\tBegr\u00fc\u00dfungspakete\t\t\t<\/h6>\n\t\t\t<span class=\"icon_check qode-cft-mark qode-cft-active\"><\/span>\t\t\t<\/div>\n\t\t\t\t<\/div>\n\t<div class=\"qode-cft-feature qode-cft-row\">\n\t<h6 class=\"qode-cft-feature-title\">\n\tHaartrockner\t<\/h6>\n\t\t\t\t<div class=\"qode-cft-feature-value\">\n\t\t\t<h6 class=\"qode-cft-feature-item-title-responsive\">\n\t\t\tHaartrockner\t\t\t<\/h6>\n\t\t\t<span class=\"icon_check qode-cft-mark qode-cft-active\"><\/span>\t\t\t<\/div>\n\t\t\t\t<\/div>\n\t<div class=\"qode-cft-feature qode-cft-row\">\n\t<h6 class=\"qode-cft-feature-title\">\n\tNichtraucherzimmer\t<\/h6>\n\t\t\t\t<div class=\"qode-cft-feature-value\">\n\t\t\t<h6 class=\"qode-cft-feature-item-title-responsive\">\n\t\t\tNichtraucherzimmer\t\t\t<\/h6>\n\t\t\t<span class=\"icon_check qode-cft-mark qode-cft-active\"><\/span>\t\t\t<\/div>\n\t\t\t\t<\/div>\n\t<div class=\"qode-cft-footer qode-cft-row\">\n\t\t<div class=\"qode-cft-column-footer-image\">\n\t\t\t<img decoding=\"async\" src=\"https:\/\/albergogenzianella.it\/wp-content\/uploads\/2018\/02\/credit-cards.png\" alt=\"\" \/>\n\t\t<\/div>\n\t\t\t<\/div>\n<\/div>[\/vc_column][\/vc_row]<\/p>\n<\/div>","protected":false},"excerpt":{"rendered":"<p>[vc_row css_animation=&#8220;&#8220; row_type=&#8220;row&#8220; use_row_as_full_screen_section=&#8220;no&#8220; type=&#8220;full_width&#8220; angled_section=&#8220;no&#8220; text_align=&#8220;left&#8220; background_image_as_pattern=&#8220;without_pattern&#8220; el_id=&#8220;dettagli&#8220; z_index=&#8220;&#8220;][vc_column][vc_empty_space height=&#8220;50&#8243;][\/vc_column][\/vc_row][vc_row css_animation=&#8220;&#8220; row_type=&#8220;row&#8220; use_row_as_full_screen_section=&#8220;no&#8220; type=&#8220;grid&#8220;&#8230;<\/p>\n","protected":false},"author":1,"featured_media":595,"parent":739,"menu_order":5,"comment_status":"closed","ping_status":"closed","template":"","meta":{"om_disable_all_campaigns":false,"_monsterinsights_skip_tracking":false,"_monsterinsights_sitenote_active":false,"_monsterinsights_sitenote_note":"","_monsterinsights_sitenote_category":0,"_uf_show_specific_survey":0,"_uf_disable_surveys":false,"footnotes":""},"class_list":["post-753","page","type-page","status-publish","has-post-thumbnail","hentry"],"aioseo_notices":[],"_links":{"self":[{"href":"https:\/\/albergogenzianella.it\/de\/wp-json\/wp\/v2\/pages\/753","targetHints":{"allow":["GET"]}}],"collection":[{"href":"https:\/\/albergogenzianella.it\/de\/wp-json\/wp\/v2\/pages"}],"about":[{"href":"https:\/\/albergogenzianella.it\/de\/wp-json\/wp\/v2\/types\/page"}],"author":[{"embeddable":true,"href":"https:\/\/albergogenzianella.it\/de\/wp-json\/wp\/v2\/users\/1"}],"replies":[{"embeddable":true,"href":"https:\/\/albergogenzianella.it\/de\/wp-json\/wp\/v2\/comments?post=753"}],"version-history":[{"count":7,"href":"https:\/\/albergogenzianella.it\/de\/wp-json\/wp\/v2\/pages\/753\/revisions"}],"predecessor-version":[{"id":755,"href":"https:\/\/albergogenzianella.it\/de\/wp-json\/wp\/v2\/pages\/753\/revisions\/755"}],"up":[{"embeddable":true,"href":"https:\/\/albergogenzianella.it\/de\/wp-json\/wp\/v2\/pages\/739"}],"wp:featuredmedia":[{"embeddable":true,"href":"https:\/\/albergogenzianella.it\/de\/wp-json\/wp\/v2\/media\/595"}],"wp:attachment":[{"href":"https:\/\/albergogenzianella.it\/de\/wp-json\/wp\/v2\/media?parent=753"}],"curies":[{"name":"wp","href":"https:\/\/api.w.org\/{rel}","templated":true}]}}