{"id":731,"date":"2018-03-16T10:27:33","date_gmt":"2018-03-16T09:27:33","guid":{"rendered":"http:\/\/www.albergogenzianella.it\/ristorante\/"},"modified":"2018-04-19T11:24:57","modified_gmt":"2018-04-19T09:24:57","slug":"restaurant","status":"publish","type":"page","link":"https:\/\/albergogenzianella.it\/de\/restaurant\/","title":{"rendered":"Restaurant"},"content":{"rendered":"<div class=\"wpb-content-wrapper\"><p>[vc_row css_animation=&#8220;&#8220; row_type=&#8220;row&#8220; use_row_as_full_screen_section=&#8220;no&#8220; type=&#8220;grid&#8220; angled_section=&#8220;no&#8220; text_align=&#8220;left&#8220; background_image_as_pattern=&#8220;without_pattern&#8220; z_index=&#8220;&#8220;][vc_column][vc_empty_space height=&#8220;32&#8243;][vc_row_inner row_type=&#8220;row&#8220; type=&#8220;full_width&#8220; text_align=&#8220;left&#8220; css_animation=&#8220;&#8220;][vc_column_inner width=&#8220;3\/12&#8243;][vc_single_image image=&#8220;434&#8243; img_size=&#8220;860&#215;1920&#8243; qode_css_animation=&#8220;&#8220;][\/vc_column_inner][vc_column_inner width=&#8220;5\/12&#8243;][vc_custom_heading text=&#8220;Restaurant&#8220; font_container=&#8220;tag:h3|text_align:center&#8220; use_theme_fonts=&#8220;yes&#8220; css=&#8220;.vc_custom_1519120220897{margin-bottom: 15px !important;}&#8220;][vc_column_text]Eine der Gewissheiten im Urlaub ist, dass jemand f\u00fcr uns kocht. Es gibt einen Unterschied zwischen Essen und Kochen, Kochen bereitet Gerichte vor, die an ihre G\u00e4ste denken.<\/p>\n<p>Mit diesem Geist und ihrer herzlichen Gastfreundschaft k\u00fcmmern sich die Besitzer des Hotels Genzianella Katia und Corrado pers\u00f6nlich um die K\u00fcche des Restaurants, wobei die Auswahl der Rohwaren und eine traditionelle lokale und italienische K\u00fcche im Vordergrund stehen.[\/vc_column_text][\/vc_column_inner][vc_column_inner width=&#8220;4\/12&#8243;][vc_single_image image=&#8220;436&#8243; img_size=&#8220;1920&#215;1000&#8243; qode_css_animation=&#8220;&#8220;][vc_empty_space height=&#8220;15&#8243;][vc_single_image image=&#8220;437&#8243; img_size=&#8220;1920&#215;1000&#8243; qode_css_animation=&#8220;&#8220;][\/vc_column_inner][\/vc_row_inner][vc_empty_space height=&#8220;50&#8243;][vc_row_inner row_type=&#8220;row&#8220; type=&#8220;full_width&#8220; text_align=&#8220;left&#8220; css_animation=&#8220;&#8220;][vc_column_inner width=&#8220;1\/2&#8243;][vc_empty_space height=&#8220;25&#8243;][vc_custom_heading text=&#8220;Bereite dich auf dich vor&#8220; font_container=&#8220;tag:h3|font_size:28|text_align:left&#8220; use_theme_fonts=&#8220;yes&#8220; css=&#8220;.vc_custom_1524129731944{margin-bottom: 15px !important;}&#8220;][vc_column_text]Wie in der hausgemachten Tradition wird im Restaurant Genzianella hausgemachte Pasta zubereitet. Tagliatelle, Gnocchi oder Kn\u00f6del, zubereitet mit frischen Saisonprodukten sowie Beilagen und Gem\u00fcse zu Fleischgerichten und Spezialit\u00e4ten des K\u00fcchenchefs Corrado, wie gegrillte oder gegrillte Rehe, um mit der Delikatesse von Desserts und Geb\u00e4ck von Katia abzuschlie\u00dfen.[\/vc_column_text][vc_empty_space height=&#8220;30&#8243;][vc_gallery type=&#8220;image_grid&#8220; images=&#8220;1461,1244,1243,1245&#8243; img_size=&#8220;1920&#215;1080&#8243; column_number=&#8220;4&#8243; grayscale=&#8220;no&#8220; images_space=&#8220;gallery_with_space&#8220;][\/vc_column_inner][vc_column_inner width=&#8220;1\/2&#8243;][vc_single_image image=&#8220;384&#8243; img_size=&#8220;1920&#215;800&#8243; alignment=&#8220;center&#8220; qode_css_animation=&#8220;&#8220;][\/vc_column_inner][\/vc_row_inner][vc_empty_space height=&#8220;50&#8243;][vc_custom_heading text=&#8220;Tischdelikatessen&#8220; font_container=&#8220;tag:h3|font_size:28|text_align:left&#8220; use_theme_fonts=&#8220;yes&#8220; css=&#8220;.vc_custom_1518291563751{margin-bottom: 15px !important;}&#8220;][qode_elements_holder number_of_columns=&#8220;two_columns&#8220; columns_proportion=&#8220;66_33&#8243;][qode_elements_holder_item item_padding=&#8220;25&#8243; advanced_animations=&#8220;no&#8220;][vc_column_text]Ein erhabenes handwerkliches Geb\u00e4ck bereitet t\u00e4glich von Frau Katia, der Besitzerin, vor, um Mittag- oder Abendessen zu beenden und, was wichtig ist, f\u00fcr ein Fr\u00fchst\u00fcck diejenigen, die auf eine positive Weise in einen neuen Tag starten.<br \/>\nAm Fr\u00fchst\u00fccksb\u00fcfett triumphieren die s\u00fc\u00dfen Backwaren: Kuchen, Muffins, Brioches, Cremes und Marmeladen, die sich auf Brot verschiedener Art verteilen. Und f\u00fcr diejenigen, die einen Aufpreis ben\u00f6tigen, bietet das herzhafte Buffet ein nordeurop\u00e4isches Fr\u00fchst\u00fcck mit Eiern, W\u00fcrstchen, Salami und K\u00e4se.[\/vc_column_text][vc_empty_space height=&#8220;25&#8243;][vc_gallery type=&#8220;image_grid&#8220; images=&#8220;441,442&#8243; img_size=&#8220;full&#8220; column_number=&#8220;2&#8243; grayscale=&#8220;no&#8220; images_space=&#8220;gallery_with_space&#8220;][vc_gallery type=&#8220;image_grid&#8220; images=&#8220;443,444,442,407,361,427,445,446,441,447,448,449&#8243; img_size=&#8220;full&#8220; column_number=&#8220;4&#8243; grayscale=&#8220;no&#8220; images_space=&#8220;gallery_with_space&#8220;][\/qode_elements_holder_item][qode_elements_holder_item item_padding=&#8220;5px 25px 5px 25px&#8220; vertical_alignment=&#8220;middle&#8220; advanced_animations=&#8220;no&#8220;][vc_single_image image=&#8220;361&#8243; img_size=&#8220;525&#215;1280&#8243; alignment=&#8220;center&#8220; qode_css_animation=&#8220;&#8220;][\/qode_elements_holder_item][\/qode_elements_holder][vc_empty_space height=&#8220;50&#8243;][\/vc_column][\/vc_row]<\/p>\n<\/div>","protected":false},"excerpt":{"rendered":"<p>[vc_row css_animation=&#8220;&#8220; row_type=&#8220;row&#8220; use_row_as_full_screen_section=&#8220;no&#8220; type=&#8220;grid&#8220; angled_section=&#8220;no&#8220; text_align=&#8220;left&#8220; background_image_as_pattern=&#8220;without_pattern&#8220; z_index=&#8220;&#8220;][vc_column][vc_empty_space height=&#8220;32&#8243;][vc_row_inner row_type=&#8220;row&#8220; type=&#8220;full_width&#8220; text_align=&#8220;left&#8220; css_animation=&#8220;&#8220;][vc_column_inner width=&#8220;3\/12&#8243;][vc_single_image&#8230;<\/p>\n","protected":false},"author":1,"featured_media":434,"parent":0,"menu_order":2,"comment_status":"closed","ping_status":"closed","template":"full_width.php","meta":{"om_disable_all_campaigns":false,"_monsterinsights_skip_tracking":false,"_monsterinsights_sitenote_active":false,"_monsterinsights_sitenote_note":"","_monsterinsights_sitenote_category":0,"_uf_show_specific_survey":0,"_uf_disable_surveys":false,"footnotes":""},"class_list":["post-731","page","type-page","status-publish","has-post-thumbnail","hentry"],"aioseo_notices":[],"_links":{"self":[{"href":"https:\/\/albergogenzianella.it\/de\/wp-json\/wp\/v2\/pages\/731","targetHints":{"allow":["GET"]}}],"collection":[{"href":"https:\/\/albergogenzianella.it\/de\/wp-json\/wp\/v2\/pages"}],"about":[{"href":"https:\/\/albergogenzianella.it\/de\/wp-json\/wp\/v2\/types\/page"}],"author":[{"embeddable":true,"href":"https:\/\/albergogenzianella.it\/de\/wp-json\/wp\/v2\/users\/1"}],"replies":[{"embeddable":true,"href":"https:\/\/albergogenzianella.it\/de\/wp-json\/wp\/v2\/comments?post=731"}],"version-history":[{"count":14,"href":"https:\/\/albergogenzianella.it\/de\/wp-json\/wp\/v2\/pages\/731\/revisions"}],"predecessor-version":[{"id":1470,"href":"https:\/\/albergogenzianella.it\/de\/wp-json\/wp\/v2\/pages\/731\/revisions\/1470"}],"wp:featuredmedia":[{"embeddable":true,"href":"https:\/\/albergogenzianella.it\/de\/wp-json\/wp\/v2\/media\/434"}],"wp:attachment":[{"href":"https:\/\/albergogenzianella.it\/de\/wp-json\/wp\/v2\/media?parent=731"}],"curies":[{"name":"wp","href":"https:\/\/api.w.org\/{rel}","templated":true}]}}